{"id":12052,"date":"2014-11-11T12:07:23","date_gmt":"2014-11-11T11:07:23","guid":{"rendered":"http:\/\/www.dutchromaniannetwork.nl\/become-member-2\/"},"modified":"2026-01-05T15:09:30","modified_gmt":"2026-01-05T14:09:30","slug":"become-member","status":"publish","type":"page","link":"https:\/\/www.dutchromaniannetwork.nl\/ro\/become-member\/","title":{"rendered":"Become a member"},"content":{"rendered":"<p><div class=\"fusion-fullwidth fullwidth-box fusion-builder-row-1 nonhundred-percent-fullwidth non-hundred-percent-height-scrolling\" style=\"--awb-background-position:left top;--awb-border-sizes-top:0px;--awb-border-sizes-bottom:0px;--awb-border-sizes-left:0px;--awb-border-sizes-right:0px;--awb-border-radius-top-left:0px;--awb-border-radius-top-right:0px;--awb-border-radius-bottom-right:0px;--awb-border-radius-bottom-left:0px;--awb-padding-top:0px;--awb-padding-right:0px;--awb-padding-bottom:0px;--awb-padding-left:0px;\" ><div class=\"fusion-builder-row fusion-row\"><div class=\"fusion-layout-column fusion_builder_column fusion-builder-column-0 fusion_builder_column_1_1 1_1 fusion-one-full fusion-column-first fusion-column-last fusion-column-no-min-height\" style=\"--awb-bg-size:cover;--awb-margin-bottom:0px;\"><div class=\"fusion-column-wrapper fusion-flex-column-wrapper-legacy\"><div class=\"fusion-title title fusion-title-1 fusion-title-text fusion-title-size-one\"><h1 class=\"title-heading-left\" style=\"margin:0;\">Deveni un membru<\/h1><span class=\"awb-title-spacer\"><\/span><div class=\"title-sep-container\"><div class=\"title-sep sep-single sep-solid\" style=\"border-color:#e0dede;\"><\/div><\/div><\/div><div class=\"fusion-clearfix\"><\/div><\/div><\/div><div class=\"fusion-layout-column fusion_builder_column fusion-builder-column-1 fusion_builder_column_1_1 1_1 fusion-one-full fusion-column-first fusion-column-last\" style=\"--awb-bg-size:cover;\"><div class=\"fusion-column-wrapper fusion-flex-column-wrapper-legacy\"><div class=\"fusion-text fusion-text-1\"><blockquote>\n<p style=\"text-align: left;\">Antreprenorii de pe pia\u021ba interna\u021bional\u0103 experimenteaz\u0103 adesea c\u0103 operarea individual\u0103 duce la fragmentare, costuri mai mari \u0219i pierderea puterii competitive. Al\u0103tura\u021bi-v\u0103 re\u021belei olandeze rom\u00e2ne\u0219ti (DRN) \u0219i consolida\u021bi-v\u0103 parteneriatele, cunoa\u0219terea pie\u021bei locale \u0219i competitivitatea.<\/p>\n<\/blockquote>\n<p style=\"text-align: left;\"><strong>Calitatea de membru<\/strong><\/p>\n<p style=\"text-align: left;\">Antreprenorii pot deveni membri pentru o contribu\u021bie anual\u0103 de 375 EUR, &#8211; f\u0103r\u0103 TVA. Dac\u0103 v\u0103 conecta\u021bi dup\u0103 1 februarie, pl\u0103ti\u021bi o sum\u0103 pro rat\u0103 pentru lunile r\u0103mase.<\/p>\n<p style=\"text-align: left;\">Abonamentele vor fi continuate automat \u00een anul urm\u0103tor, cu excep\u021bia cazului \u00een care v\u0103 denun\u021ba\u021bi calitatea de membru \u00eenainte de 15 noiembrie. Pre\u021burile listate pot fi ajustate anual pe baza infla\u021biei.<\/p>\n<\/div><div class=\"fusion-clearfix\"><\/div><\/div><\/div><div class=\"fusion-layout-column fusion_builder_column fusion-builder-column-2 fusion_builder_column_1_1 1_1 fusion-one-full fusion-column-first fusion-column-last\" style=\"--awb-bg-size:cover;\"><div class=\"fusion-column-wrapper fusion-flex-column-wrapper-legacy\"><div class=\"fusion-text fusion-text-2\"><h3><span id=\"result_box\" class=\"\" lang=\"en\"><span class=\"hps\">Want to<\/span> <span class=\"hps\">join?<\/span><br \/>\n<span class=\"hps\">Fill out your<\/span> <span class=\"hps\">details<\/span> <span class=\"hps\">and we will<\/span> <span class=\"hps\">contact you<\/span> <span class=\"hps\">soon<\/span><span class=\"\">.<\/span><\/span><\/h3>\n<form method=\"post\" enctype=\"multipart\/form-data\" id=\"vfbp-form-18\" class=\"vfbp-form\"><div style=\"display:none;\"><label for=\"vfbp-EMAIL-AN8fuQyoDLXem\">If you are human, leave this field blank.<\/label><input size=\"25\" autocomplete=\"off\" type=\"text\" name=\"vfbp-EMAIL-AN8fuQyoDLXem\" value=\"\" id=\"\"><\/div><input type=\"hidden\" name=\"_vfb-timestamp-18\" value=\"1775526698\" id=\"\"><input type=\"hidden\" name=\"_vfb-form-id\" value=\"18\" id=\"\"><div class=\"vfb-form-group vfb-col-12\"><div><div class=\"\">Become a member<\/div><\/div><\/div><div class=\"vfb-col-12 vfb-fieldType-heading\" id=\"vfbField382\"><\/div><div class=\"vfb-clearfix\"><\/div><div class=\"vfb-col-12 vfb-fieldType-instructions\" id=\"vfbField383\"><div class=\"vfb-form-group\"><label for=\"vfb-field-383\" class=\"vfb-control-label\">Obligated<\/label><div class=\"\"><p>Please fill in fields with a *<\/p>\n<\/div><\/div><\/div><div class=\"vfb-clearfix\"><\/div><div class=\"vfb-col-5 vfb-fieldType-text\" id=\"vfbField384\"><div class=\"vfb-form-group\"><label for=\"vfb-field-384\" class=\"vfb-control-label\">First name \/ Initial <span class=\"vfb-required-asterisk\">*<\/span><\/label><div><input id=\"vfb-field-384\" class=\"vfb-form-control\" placeholder=\"\" required=\"required\" type=\"text\" name=\"vfb-field-384\" value=\"\"><\/div><\/div><\/div><div class=\"vfb-col-7 vfb-fieldType-text\" id=\"vfbField385\"><div class=\"vfb-form-group\"><label for=\"vfb-field-385\" class=\"vfb-control-label\">Last name <span class=\"vfb-required-asterisk\">*<\/span><\/label><div><input id=\"vfb-field-385\" class=\"vfb-form-control\" placeholder=\"\" required=\"required\" type=\"text\" name=\"vfb-field-385\" value=\"\"><\/div><\/div><\/div><div class=\"vfb-clearfix\"><\/div><div class=\"vfb-col-5 vfb-fieldType-text\" id=\"vfbField386\"><div class=\"vfb-form-group\"><label for=\"vfb-field-386\" class=\"vfb-control-label\">Company<\/label><div><input id=\"vfb-field-386\" class=\"vfb-form-control\" placeholder=\"\" type=\"text\" name=\"vfb-field-386\" value=\"\"><\/div><\/div><\/div><div class=\"vfb-col-7 vfb-fieldType-text\" id=\"vfbField387\"><div class=\"vfb-form-group\"><label for=\"vfb-field-387\" class=\"vfb-control-label\">Type of company<\/label><div><input id=\"vfb-field-387\" class=\"vfb-form-control\" placeholder=\"\" type=\"text\" name=\"vfb-field-387\" value=\"\"><\/div><\/div><\/div><div class=\"vfb-clearfix\"><\/div><div class=\"vfb-col-7 vfb-fieldType-select\" id=\"vfbField388\"><label for=\"vfb-field-388\" class=\"vfb-control-label\">Wishing information about<\/label><div><span class=\"vfb-help-block\">Make your choice below<\/span><div class=\"vfb-form-group\"><select id=\"vfb-field-388\" class=\"vfb-form-control\" placeholder=\"\" name=\"vfb-field-388\"><option value=\"Make your choice\">Make your choice<\/option><option value=\"Become a member\">Become a member<\/option><\/select><\/div><\/div><\/div><div class=\"vfb-col-5 vfb-fieldType-checkbox\" id=\"vfbField389\"><label for=\"vfb-field-389\" class=\"vfb-control-label\">Newsletter<\/label><div><div class=\"vfb-checkbox\"><label><input id=\"vfb-field-389-0\" class=\"\" placeholder=\"\" data-vfb-multiple=\"vfb-field-389\" type=\"checkbox\" name=\"vfb-field-389[0]\" value=\"1\">Ja<\/label><\/div><span class=\"vfb-help-block\">I would like to receive the newsletter\r\n<\/span><\/div><\/div><div class=\"vfb-clearfix\"><\/div><div class=\"vfb-col-2 vfb-fieldType-text\" id=\"vfbField390\"><div class=\"vfb-form-group\"><label for=\"vfb-field-390\" class=\"vfb-control-label\">Postal Code<\/label><div><input id=\"vfb-field-390\" class=\"vfb-form-control\" placeholder=\"\" type=\"text\" name=\"vfb-field-390\" value=\"\"><\/div><\/div><\/div><div class=\"vfb-col-10 vfb-fieldType-text\" id=\"vfbField391\"><div class=\"vfb-form-group\"><label for=\"vfb-field-391\" class=\"vfb-control-label\">Residence<\/label><div><input id=\"vfb-field-391\" class=\"vfb-form-control\" placeholder=\"\" type=\"text\" name=\"vfb-field-391\" value=\"\"><\/div><\/div><\/div><div class=\"vfb-clearfix\"><\/div><div class=\"vfb-col-4 vfb-fieldType-select\" id=\"vfbField392\"><label for=\"vfb-field-392\" class=\"vfb-control-label\">Land <span class=\"vfb-required-asterisk\">*<\/span><\/label><div><div class=\"vfb-form-group\"><select id=\"vfb-field-392\" class=\"vfb-form-control\" placeholder=\"\" required=\"required\" name=\"vfb-field-392\"><option value=\"Nederland\">Nederland<\/option><option value=\"Belgi&euml;\">Belgi\u00eb<\/option><option value=\"Duitsland\">Duitsland<\/option><option value=\"Frankrijk\">Frankrijk<\/option><option value=\"Roemeni&euml;\">Roemeni\u00eb<\/option><\/select><\/div><\/div><\/div><div class=\"vfb-col-8 vfb-fieldType-email\" id=\"vfbField393\"><div class=\"vfb-form-group\"><label for=\"vfb-field-393\" class=\"vfb-control-label\">E-mail <span class=\"vfb-required-asterisk\">*<\/span><\/label><div><input id=\"vfb-field-393\" class=\"vfb-form-control\" placeholder=\"\" required=\"required\" type=\"email\" name=\"vfb-field-393\" value=\"\"><\/div><\/div><\/div><div class=\"vfb-clearfix\"><\/div><div class=\"vfb-col-5 vfb-fieldType-phone\" id=\"vfbField394\"><div class=\"vfb-form-group\"><label for=\"vfb-field-394\" class=\"vfb-control-label\">Phone<\/label><div><input id=\"vfb-field-394\" class=\"vfb-form-control vfb-intl-phone\" placeholder=\"\" data-default-country=\"nl\" type=\"tel\" name=\"vfb-field-394\" value=\"\"><\/div><\/div><\/div><div class=\"vfb-col-7 vfb-fieldType-text\" id=\"vfbField395\"><div class=\"vfb-form-group\"><label for=\"vfb-field-395\" class=\"vfb-control-label\">Site<\/label><div><input id=\"vfb-field-395\" class=\"vfb-form-control\" placeholder=\"\" type=\"text\" name=\"vfb-field-395\" value=\"www.\"><\/div><\/div><\/div><div class=\"vfb-clearfix\"><\/div><div class=\"vfb-col-5 vfb-fieldType-date\" id=\"vfbField396\"><div class=\"vfb-form-group\"><label for=\"vfb-field-396\" class=\"vfb-control-label\">Appointment<\/label><div><input id=\"vfb-field-396\" class=\"vfb-form-control\" placeholder=\"\" data-provide=\"datepicker\" type=\"text\" name=\"vfb-field-396\" value=\"\"><span class=\"vfb-help-block\">If you want to make an appointment you can enter a date, after which we will contact you.\r\n<\/span><\/div><\/div><\/div><div class=\"vfb-col-12 vfb-fieldType-textarea\" id=\"vfbField397\"><div class=\"vfb-form-group\"><label for=\"vfb-field-397\" class=\"vfb-control-label\">Note \/ Question<\/label><div><textarea id=\"vfb-field-397\" class=\"vfb-form-control\" placeholder=\"\" rows=\"4\" name=\"vfb-field-397\" cols=\"50\"><\/textarea><\/div><\/div><\/div><div class=\"vfb-clearfix\"><\/div><div class=\"vfb-col-12 vfb-fieldType-captcha\" id=\"vfbField712\"><div class=\"vfb-form-group\"><label for=\"vfb-field-712\" class=\"vfb-control-label\">Captcha <span class=\"vfb-required-asterisk\">*<\/span><\/label><div><div class=\"g-recaptcha\" data-sitekey=\"6LfsDiMUAAAAALxThONenrCwahIEEr-iGQGmWvNX\"><\/div><input type=\"hidden\" name=\"_vfb_recaptcha_enabled\" value=\"1\" id=\"\"><div class=\"vfb-has-error\" id=\"vfb-recaptcha-error\"><span class=\"vfb-help-block\">reCAPTCHA is required.<\/span><\/div><\/div><\/div><\/div><div class=\"vfb-clearfix\"><\/div><div class=\"vfb-col-12 vfb-fieldType-submit\" id=\"vfbField399\"><button id=\"vfb-field-399\" class=\" btn btn-primary\" placeholder=\"\" type=\"submit\" name=\"_vfb-submit\">Versturen<\/button><\/div><div class=\"vfb-clearfix\"><\/div><\/form>\n<\/div><div class=\"fusion-clearfix\"><\/div><\/div><\/div><\/div><\/div><div class=\"fusion-fullwidth fullwidth-box fusion-builder-row-2 hundred-percent-fullwidth non-hundred-percent-height-scrolling\" style=\"--awb-border-radius-top-left:0px;--awb-border-radius-top-right:0px;--awb-border-radius-bottom-right:0px;--awb-border-radius-bottom-left:0px;--awb-overflow:visible;--awb-background-color:rgba(255,255,255,0);\" ><div class=\"fusion-builder-row fusion-row\"><div class=\"fusion-layout-column fusion_builder_column fusion-builder-column-3 fusion_builder_column_1_1 1_1 fusion-one-full fusion-column-first fusion-column-last fusion-column-no-min-height\" style=\"--awb-bg-size:cover;--awb-margin-bottom:0px;\"><div class=\"fusion-column-wrapper fusion-flex-column-wrapper-legacy\"><div class=\"fusion-sep-clear\"><\/div><div class=\"fusion-separator fusion-full-width-sep\" style=\"margin-left: auto;margin-right: auto;width:100%;\"><\/div><div class=\"fusion-sep-clear\"><\/div><div class=\"fusion-clearfix\"><\/div><\/div><\/div><\/div><\/div><\/p>\n","protected":false},"excerpt":{"rendered":"","protected":false},"author":2,"featured_media":0,"parent":0,"menu_order":0,"comment_status":"open","ping_status":"closed","template":"","meta":{"footnotes":""},"wf_page_folders":[2098],"class_list":["post-12052","page","type-page","status-publish","hentry"],"_links":{"self":[{"href":"https:\/\/www.dutchromaniannetwork.nl\/ro\/wp-json\/wp\/v2\/pages\/12052","targetHints":{"allow":["GET"]}}],"collection":[{"href":"https:\/\/www.dutchromaniannetwork.nl\/ro\/wp-json\/wp\/v2\/pages"}],"about":[{"href":"https:\/\/www.dutchromaniannetwork.nl\/ro\/wp-json\/wp\/v2\/types\/page"}],"author":[{"embeddable":true,"href":"https:\/\/www.dutchromaniannetwork.nl\/ro\/wp-json\/wp\/v2\/users\/2"}],"replies":[{"embeddable":true,"href":"https:\/\/www.dutchromaniannetwork.nl\/ro\/wp-json\/wp\/v2\/comments?post=12052"}],"version-history":[{"count":2,"href":"https:\/\/www.dutchromaniannetwork.nl\/ro\/wp-json\/wp\/v2\/pages\/12052\/revisions"}],"predecessor-version":[{"id":94046,"href":"https:\/\/www.dutchromaniannetwork.nl\/ro\/wp-json\/wp\/v2\/pages\/12052\/revisions\/94046"}],"wp:attachment":[{"href":"https:\/\/www.dutchromaniannetwork.nl\/ro\/wp-json\/wp\/v2\/media?parent=12052"}],"wp:term":[{"taxonomy":"wf_page_folders","embeddable":true,"href":"https:\/\/www.dutchromaniannetwork.nl\/ro\/wp-json\/wp\/v2\/wf_page_folders?post=12052"}],"curies":[{"name":"wp","href":"https:\/\/api.w.org\/{rel}","templated":true}]}}