{"id":39335,"date":"2024-01-07T11:02:41","date_gmt":"2024-01-07T10:02:41","guid":{"rendered":"https:\/\/www.dutchromaniannetwork.nl\/despre-noi\/viziunea-misiunii\/"},"modified":"2026-01-29T17:48:28","modified_gmt":"2026-01-29T16:48:28","slug":"viziunea-misiunii","status":"publish","type":"page","link":"https:\/\/www.dutchromaniannetwork.nl\/ro\/despre-noi\/viziunea-misiunii\/","title":{"rendered":"Viziunea misiunii"},"content":{"rendered":"<p><div class=\"fusion-fullwidth fullwidth-box fusion-builder-row-1 nonhundred-percent-fullwidth non-hundred-percent-height-scrolling\" style=\"--awb-background-position:left top;--awb-border-sizes-top:0px;--awb-border-sizes-bottom:0px;--awb-border-sizes-left:0px;--awb-border-sizes-right:0px;--awb-border-radius-top-left:0px;--awb-border-radius-top-right:0px;--awb-border-radius-bottom-right:0px;--awb-border-radius-bottom-left:0px;--awb-padding-top:0px;--awb-padding-right:0px;--awb-padding-bottom:0px;--awb-padding-left:0px;\" ><div class=\"fusion-builder-row fusion-row\"><div class=\"fusion-layout-column fusion_builder_column fusion-builder-column-0 fusion_builder_column_1_1 1_1 fusion-one-full fusion-column-first fusion-column-last fusion-column-no-min-height\" style=\"--awb-bg-size:cover;--awb-margin-bottom:0px;\"><div class=\"fusion-column-wrapper fusion-flex-column-wrapper-legacy\"><div class=\"fusion-title title fusion-title-1 fusion-title-text fusion-title-size-one\"><h1 class=\"title-heading-left\" style=\"margin:0;\"><span style=\"color: #000080;\"><em><strong>Viziunea misiunii<\/strong><\/em><\/span><\/h1><span class=\"awb-title-spacer\"><\/span><div class=\"title-sep-container\"><div class=\"title-sep sep-single sep-solid\" style=\"border-color:#e0dede;\"><\/div><\/div><\/div><div class=\"fusion-clearfix\"><\/div><\/div><\/div><\/div><\/div><div class=\"fusion-fullwidth fullwidth-box fusion-builder-row-2 hundred-percent-fullwidth non-hundred-percent-height-scrolling\" style=\"--awb-border-radius-top-left:0px;--awb-border-radius-top-right:0px;--awb-border-radius-bottom-right:0px;--awb-border-radius-bottom-left:0px;--awb-overflow:visible;\" ><div class=\"fusion-builder-row fusion-row\"><div class=\"fusion-layout-column fusion_builder_column fusion-builder-column-1 fusion_builder_column_3_4 3_4 fusion-three-fourth fusion-column-first\" style=\"--awb-bg-size:cover;width:74%; margin-right: 4%;\"><div class=\"fusion-column-wrapper fusion-flex-column-wrapper-legacy\"><div class=\"fusion-text fusion-text-1\"><div class=\"fusion-row\">\n<blockquote>\n<p align=\"justify\"><strong>Activitatea noastr\u0103 de baz\u0103 este promovarea rela\u021biilor economice dintre Olanda \u0219i Rom\u00e2nia \u0219i viceversa, deoarece credem c\u0103 este \u00een interesul ambelor \u021b\u0103ri. Desigur, consider\u0103m c\u0103 principala noastr\u0103 responsabilitate este de a ad\u0103uga valoare pentru membrii no\u0219tri.<br \/>\nPentru c\u0103 trebuie s\u0103 fim capabili s\u0103 r\u0103spundem pozitiv la \u00eentrebarea fiec\u0103rui antreprenor:<em>&#8222;Ce-mi iese mie<\/em>?&#8221;.<\/strong><\/p>\n<\/blockquote>\n<p align=\"justify\">Nu suntem o organiza\u021bie cu cheltuieli generale costisitoare \u0219i func\u021bion\u0103m pe baz\u0103 de non-profit, cu membri ai consiliului de administra\u021bie nepl\u0103ti\u021bi. Dar noi mergem mai departe dec\u00e2t al\u021bii, fiind o organiza\u021bie de \u0219i pentru antreprenori. Suntem foarte m\u00e2ndri s\u0103 \u0219tim c\u0103 avem mul\u021bi membri cu un nivel ridicat de angajament social care investesc \u00een comunit\u0103\u021bile locale f\u0103r\u0103 niciun interes comercial. \u0218i prefer\u0103 s\u0103 o fac\u0103 singuri, f\u0103r\u0103 interven\u021bia organiza\u021biilor.<\/p>\n<p align=\"justify\"><img decoding=\"async\" class=\"alignright wp-image-93963\" src=\"https:\/\/www.dutchromaniannetwork.nl\/wp-content\/uploads\/2026\/01\/management-465x300.jpg\" alt=\"\" width=\"388\" height=\"250\" \/>De asemenea, facem un pas \u00eenainte \u00een \u021bara \u00een care ne desf\u0103\u0219ur\u0103m cu succes activitatea. Acord\u0103m aten\u021bie promov\u0103rii culturii, turismului, istoriei, cauzelor umanitare \u0219i dezvolt\u0103rii sociale. Poate c\u0103, \u00een acest caz, exist\u0103 un interes comercial indirect, deoarece ave\u021bi un avantaj dac\u0103 ave\u021bi cuno\u0219tin\u021be despre \u021bar\u0103 fa\u021b\u0103 de concuren\u021bii dumneavoastr\u0103.<\/p>\n<p align=\"justify\">Organiza\u021bia noastr\u0103 nu prime\u0219te nicio subven\u021bie \u0219i, prin urmare, ac\u021bioneaz\u0103 independent. Ne str\u0103duim pentru o bun\u0103 cooperare cu guvernele \u0219i putem concluziona c\u0103 de obicei reu\u0219im acest lucru. Dar \u0219i s\u0103 ne facem auzi\u021bi tare \u0219i clar atunci c\u00e2nd observ\u0103m evolu\u021bii care amenin\u021b\u0103 s\u0103 perturbe rela\u021biile bilaterale dintre Olanda \u0219i Rom\u00e2nia.<\/p>\n<p align=\"justify\">Merit\u0103 men\u021bionat faptul c\u0103 suntem o organiza\u021bie nesectorial\u0103 \u0219i, prin urmare, orice antreprenor ne poate contacta.<\/p>\n<\/div>\n<\/div><div class=\"fusion-clearfix\"><\/div><\/div><\/div><div class=\"fusion-layout-column fusion_builder_column fusion-builder-column-2 fusion_builder_column_1_4 1_4 fusion-one-fourth fusion-column-last\" style=\"--awb-bg-size:cover;width:22%;\"><div class=\"fusion-column-wrapper fusion-flex-column-wrapper-legacy\"><div class=\"fusion-text fusion-text-2\"><p><img decoding=\"async\" class=\"size-full wp-image-94398 aligncenter\" src=\"https:\/\/www.dutchromaniannetwork.nl\/wp-content\/uploads\/2024\/12\/mail-1.jpg\" alt=\"\" width=\"347\" height=\"172\" \/><\/p>\n<\/div><div class=\"fusion-text fusion-text-3\"><p style=\"text-align: center;\"><img decoding=\"async\" class=\"alignnone size-full wp-image-23471\" src=\"https:\/\/www.dutchromaniannetwork.nl\/wp-content\/uploads\/2018\/11\/vlaggen-1.png\" alt=\"\" width=\"200\" height=\"143\" \/><\/p>\n<p><img decoding=\"async\" class=\"aligncenter wp-image-17052\" src=\"https:\/\/www.dutchromaniannetwork.nl\/wp-content\/uploads\/2014\/10\/drnlogo_SMALL-298x300.png\" alt=\"drnlogo_SMALL\" width=\"175\" height=\"176\" srcset=\"https:\/\/www.dutchromaniannetwork.nl\/wp-content\/uploads\/2014\/10\/drnlogo_SMALL-66x66.png 66w, https:\/\/www.dutchromaniannetwork.nl\/wp-content\/uploads\/2014\/10\/drnlogo_SMALL-150x150.png 150w, https:\/\/www.dutchromaniannetwork.nl\/wp-content\/uploads\/2014\/10\/drnlogo_SMALL-298x300.png 298w, https:\/\/www.dutchromaniannetwork.nl\/wp-content\/uploads\/2014\/10\/drnlogo_SMALL.png 300w\" sizes=\"(max-width: 175px) 100vw, 175px\" \/><\/p>\n<\/div><div class=\"fusion-clearfix\"><\/div><\/div><\/div><\/div><\/div><\/p>\n","protected":false},"excerpt":{"rendered":"","protected":false},"author":2,"featured_media":0,"parent":12341,"menu_order":0,"comment_status":"closed","ping_status":"closed","template":"","meta":{"footnotes":""},"wf_page_folders":[],"class_list":["post-39335","page","type-page","status-publish","hentry"],"_links":{"self":[{"href":"https:\/\/www.dutchromaniannetwork.nl\/ro\/wp-json\/wp\/v2\/pages\/39335","targetHints":{"allow":["GET"]}}],"collection":[{"href":"https:\/\/www.dutchromaniannetwork.nl\/ro\/wp-json\/wp\/v2\/pages"}],"about":[{"href":"https:\/\/www.dutchromaniannetwork.nl\/ro\/wp-json\/wp\/v2\/types\/page"}],"author":[{"embeddable":true,"href":"https:\/\/www.dutchromaniannetwork.nl\/ro\/wp-json\/wp\/v2\/users\/2"}],"replies":[{"embeddable":true,"href":"https:\/\/www.dutchromaniannetwork.nl\/ro\/wp-json\/wp\/v2\/comments?post=39335"}],"version-history":[{"count":5,"href":"https:\/\/www.dutchromaniannetwork.nl\/ro\/wp-json\/wp\/v2\/pages\/39335\/revisions"}],"predecessor-version":[{"id":94418,"href":"https:\/\/www.dutchromaniannetwork.nl\/ro\/wp-json\/wp\/v2\/pages\/39335\/revisions\/94418"}],"up":[{"embeddable":true,"href":"https:\/\/www.dutchromaniannetwork.nl\/ro\/wp-json\/wp\/v2\/pages\/12341"}],"wp:attachment":[{"href":"https:\/\/www.dutchromaniannetwork.nl\/ro\/wp-json\/wp\/v2\/media?parent=39335"}],"wp:term":[{"taxonomy":"wf_page_folders","embeddable":true,"href":"https:\/\/www.dutchromaniannetwork.nl\/ro\/wp-json\/wp\/v2\/wf_page_folders?post=39335"}],"curies":[{"name":"wp","href":"https:\/\/api.w.org\/{rel}","templated":true}]}}