{"id":39363,"date":"2024-01-07T14:21:41","date_gmt":"2024-01-07T13:21:41","guid":{"rendered":"https:\/\/www.dutchromaniannetwork.nl\/politica-de-confidentialitate\/"},"modified":"2025-11-02T15:37:19","modified_gmt":"2025-11-02T14:37:19","slug":"politica-de-confidentialitate","status":"publish","type":"page","link":"https:\/\/www.dutchromaniannetwork.nl\/ro\/politica-de-confidentialitate\/","title":{"rendered":"Politica de confiden\u021bialitate"},"content":{"rendered":"<p><div class=\"fusion-fullwidth fullwidth-box fusion-builder-row-1 hundred-percent-fullwidth non-hundred-percent-height-scrolling\" style=\"--awb-border-radius-top-left:0px;--awb-border-radius-top-right:0px;--awb-border-radius-bottom-right:0px;--awb-border-radius-bottom-left:0px;--awb-overflow:visible;\" ><div class=\"fusion-builder-row fusion-row\"><div class=\"fusion-layout-column fusion_builder_column fusion-builder-column-0 fusion_builder_column_1_1 1_1 fusion-one-full fusion-column-first fusion-column-last fusion-column-no-min-height\" style=\"--awb-bg-size:cover;--awb-margin-bottom:0px;\"><div class=\"fusion-column-wrapper fusion-flex-column-wrapper-legacy\"><div class=\"fusion-title title fusion-title-1 fusion-title-text fusion-title-size-one\"><h1 class=\"title-heading-left\" style=\"margin:0;\">Confiden\u021bialitate<\/h1><span class=\"awb-title-spacer\"><\/span><div class=\"title-sep-container\"><div class=\"title-sep sep-single sep-solid\" style=\"border-color:#e0dede;\"><\/div><\/div><\/div><div class=\"fusion-clearfix\"><\/div><\/div><\/div><\/div><\/div><div class=\"fusion-fullwidth fullwidth-box fusion-builder-row-2 nonhundred-percent-fullwidth non-hundred-percent-height-scrolling\" style=\"--awb-background-position:left top;--awb-border-sizes-top:0px;--awb-border-sizes-bottom:0px;--awb-border-sizes-left:0px;--awb-border-sizes-right:0px;--awb-border-radius-top-left:0px;--awb-border-radius-top-right:0px;--awb-border-radius-bottom-right:0px;--awb-border-radius-bottom-left:0px;--awb-padding-top:;--awb-padding-right:;--awb-padding-bottom:;--awb-padding-left:;\" ><div class=\"fusion-builder-row fusion-row\"><div class=\"fusion-layout-column fusion_builder_column fusion-builder-column-1 fusion_builder_column_1_1 1_1 fusion-one-full fusion-column-first fusion-column-last fusion-column-no-min-height\" style=\"--awb-bg-size:cover;--awb-margin-bottom:0px;\"><div class=\"fusion-column-wrapper fusion-flex-column-wrapper-legacy\"><div class=\"fusion-text fusion-text-1\"><blockquote>\n<p><img decoding=\"async\" class=\"wp-image-93502 alignright\" src=\"https:\/\/www.dutchromaniannetwork.nl\/wp-content\/uploads\/2025\/11\/Privacy-regulation-3246979_640-PB.jpg\" alt=\"\" width=\"329\" height=\"154\" srcset=\"https:\/\/www.dutchromaniannetwork.nl\/wp-content\/uploads\/2025\/11\/Privacy-regulation-3246979_640-PB-200x94.jpg 200w, https:\/\/www.dutchromaniannetwork.nl\/wp-content\/uploads\/2025\/11\/Privacy-regulation-3246979_640-PB-320x150.jpg 320w, https:\/\/www.dutchromaniannetwork.nl\/wp-content\/uploads\/2025\/11\/Privacy-regulation-3246979_640-PB-400x188.jpg 400w, https:\/\/www.dutchromaniannetwork.nl\/wp-content\/uploads\/2025\/11\/Privacy-regulation-3246979_640-PB-600x281.jpg 600w, https:\/\/www.dutchromaniannetwork.nl\/wp-content\/uploads\/2025\/11\/Privacy-regulation-3246979_640-PB.jpg 640w\" sizes=\"(max-width: 329px) 100vw, 329px\" \/>Urm\u0103toarea politic\u0103 de confiden\u021bialitate se aplic\u0103 tuturor vizitelor pe site, tranzac\u021biilor \u0219i acordurilor cu <span class=\"company\">Dutch Romanian Network<\/span>.<\/p>\n<p>Respect\u0103m confiden\u021bialitatea vizitatorilor site-ului nostru \u0219i ne asigur\u0103m c\u0103 informa\u021biile personale pe care ni le furniza\u021bi sunt tratate \u00een mod confiden\u021bial. Cum anume facem acest lucru \u0219i ce date cu caracter personal colect\u0103m de la dvs. \u0219i \u00een ce scopuri, pute\u021bi citi mai jos.<\/p>\n<\/blockquote>\n<h2 class=\"subtitle\"><strong>Utilizarea datelor cu caracter personal<\/strong><\/h2>\n<p>Atunci c\u00e2nd utiliza\u021bi site-ul nostru <span class=\"website\">www.Dutch Romanian Network.nl<\/span>, ob\u021binem anumite informa\u021bii de la dumneavoastr\u0103. Acestea ar putea fi date cu caracter personal. Stoc\u0103m \u0219i folosim numai datele cu caracter personal furnizate direct de dumneavoastr\u0103, \u00een contextul serviciului solicitat de dumneavoastr\u0103 (de exemplu, prin intermediul formularului de contact sau pentru crearea unui cont) sau pentru care este clar \u00een momentul trimiterii c\u0103 ne vor fi furnizate pentru prelucrare. Nu vom utiliza datele dvs. personale \u00een alte scopuri dec\u00e2t dac\u0103 v-a\u021bi dat consim\u021b\u0103m\u00e2ntul \u00een prealabil sau dac\u0103 ne este permis sau solicitat acest lucru prin lege sau acord.<\/p>\n<h2 class=\"subtitle\"><strong>Scopurile de utilizare \u0219i descrierea datelor cu caracter personal<\/strong><\/h2>\n<p>Pentru a v\u0103 servi c\u00e2t mai bine, <span class=\"company\">Dutch Romanian Network<\/span> trebuie s\u0103 stocheze datele dumneavoastr\u0103 personale \u00een anumite cazuri.<br \/>\n<strong><br \/>\n<span class=\"company\">Re\u021beaua olandez\u0103 rom\u00e2n\u0103<\/span><br \/>\n<\/strong> utilizeaz\u0103 datele dumneavoastr\u0103 personale pentru:<\/p>\n<ul>\n<li><em><strong>Furnizarea accesului la site-ul nostru web;<\/strong> <\/em><br \/>\nNu toate site-urile noastre web pot fi vizitate gratuit. Portalurile noastre pentru clien\u021bi sunt accesibile \u00een spatele unei autentific\u0103ri pentru care stoc\u0103m numele dvs. de utilizator, num\u0103rul de client \u0219i parola.<\/li>\n<li><em><strong>Utilizarea func\u021bionalit\u0103\u021bilor de pe site-ul nostru;<\/strong> <\/em><br \/>\nAtunci c\u00e2nd utiliza\u021bi site-urile noastre web prin intermediul unor func\u021bionalit\u0103\u021bi specifice, cum ar fi verificatorul de nume de domeniu, stoc\u0103m rezultatele c\u0103ut\u0103rii. Pentru a salva articolele din co\u0219ul de cump\u0103r\u0103turi (dac\u0103 este cazul), folosim un cookie stocat pe computerul dvs. de c\u0103tre browserul dvs.<\/li>\n<li><em><strong>Realizarea de acorduri, tranzac\u021bii \u0219i servicii;<\/strong> <\/em><br \/>\nPentru executarea corect\u0103 a contractelor noastre, stoc\u0103m urm\u0103toarele date: numele companiei, titlul\/sexul, ini\u021bialele, numele de familie, strada, num\u0103rul, codul po\u0219tal, ora\u0219ul, \u021bara, num\u0103rul de telefon, num\u0103rul de telefon mobil, adresa de e-mail, num\u0103rul de TVA, func\u021bia \u0219i departamentul. Pentru decontarea financiar\u0103 prin debit direct, stoc\u0103m, de asemenea, IBAN-ul dvs. \u0219i numele contului bancar (dac\u0103 este cazul).<\/li>\n<li><em><strong>Gestionarea rela\u021biilor, inclusiv contactarea dumneavoastr\u0103, dac\u0103 solicita\u021bi acest lucru;<\/strong><\/em><br \/>\n\u00cen acest scop, stoc\u0103m adresa dvs. de e-mail, num\u0103rul dvs. de telefon mobil \u0219i\/sau fix \u0219i adresa dvs. (strada, num\u0103rul, sufixul, ora\u0219ul, \u021bara).<\/li>\n<li><em><strong>Ob\u021binerea de informa\u021bii despre utilizarea site-ului nostru web;<\/strong> <\/em><br \/>\nPentru a \u00een\u021belege mai bine interesul vizitatorilor no\u0219tri, folosim Google Analytics pentru unii dintre dumneavoastr\u0103. Datele din Google Analytics sunt p\u0103strate timp de maximum 26 de luni \u0219i includ adresa dumneavoastr\u0103 IP.<\/li>\n<li><em><strong>Trimiterea unui buletin informativ;<\/strong><\/em><br \/>\npentru a v\u0103 trimite un buletin informativ, prelucr\u0103m adresa de e-mail, numele \u0219i prenumele \u0219i limba. Prelucr\u0103m aceste date doar dac\u0103 ni le furniza\u021bi prin \u00eenregistrarea la newsletter pe site-urile web sau dac\u0103 le furniza\u021bi prin intermediul Dutch Romanian Network.nl. Vom p\u0103stra aceste date \u00een lista noastr\u0103 de adrese pentru buletinul informativ p\u00e2n\u0103 c\u00e2nd v\u0103 dezabona\u021bi de la buletinul informativ sau p\u00e2n\u0103 la 1 an de la ultima dat\u0103 c\u00e2nd v-am trimis un buletin informativ.<\/li>\n<li><em><em><br \/>\n<strong>\u00cenregistrarea, mutarea \u0219i \u00eentre\u021binerea \u00eenregistr\u0103rilor de nume de domenii;<\/strong><\/em><\/em>atunci c\u00e2nd ne solicita\u021bi s\u0103 \u00eenregistr\u0103m un nume de domeniu, folosim urm\u0103toarele date cu caracter personal: numele companiei, titlul\/sexul, ini\u021bialele, numele de familie, strada, num\u0103rul, sufixul, num\u0103rul de fax, codul po\u0219tal, ora\u0219ul, \u021bara, num\u0103rul de telefon, num\u0103rul de telefon mobil, adresa de e-mail, num\u0103rul de TVA, func\u021bia \u0219i departamentul, tipul de companie \u0219i provincia. Pentru anumite extensii de nume de domenii (TLD), pot fi necesare mai multe informa\u021bii, cum ar fi locul na\u0219terii, codul po\u0219tal de na\u0219tere, \u021bara de na\u0219tere, data na\u0219terii, num\u0103rul pa\u0219aportului sau al documentului de identificare, autoritatea emitent\u0103 a documentului de identificare. De asemenea, este posibil s\u0103 fie necesare un ID \u0219i o parol\u0103 primite de la registru.<\/li>\n<\/ul>\n<h2 class=\"subtitle\"><strong>Perioade de p\u0103strare<\/strong><\/h2>\n<p>Nu vom p\u0103stra datele dvs. cu caracter personal mai mult dec\u00e2t este necesar pentru a \u00eendeplini scopurile stabilite \u00een aceast\u0103 declara\u021bie privind confiden\u021bialitatea \u0219i cookie-urile.<\/p>\n<h2 class=\"subtitle\"><strong>Confiden\u021bialitatea \u0219i divulgarea c\u0103tre ter\u021bi<\/strong><\/h2>\n<p>Trat\u0103m datele dumneavoastr\u0103 personale \u00een mod confiden\u021bial. Nu furniz\u0103m datele cu caracter personal pe care le colect\u0103m prin intermediul site-ului nostru web unor ter\u021be p\u0103r\u021bi \u00een scopuri de marketing direct. \u00cen plus, nu vom furniza datele pe care ni le furniza\u021bi altor p\u0103r\u021bi, cu excep\u021bia cazului \u00een care v-a\u021bi dat consim\u021b\u0103m\u00e2ntul \u00een prealabil, dac\u0103 acest lucru este necesar \u00een cadrul execut\u0103rii acordului sau dac\u0103 ne este permis sau impus de lege sau de acord.<\/p>\n<p>Pentru \u00eenregistrarea numelor de domenii, este necesar s\u0103 furniza\u021bi detaliile dumneavoastr\u0103, cum ar fi numele, adresa \u0219i datele de contact, registrului \u00een cauz\u0103, care efectueaz\u0103 \u00eenregistr\u0103rile extensiei de nume de domeniu \u00een cauz\u0103, cum ar fi SIDN pentru .NL.<\/p>\n<h2 class=\"subtitle\"><strong>Securitatea datelor<\/strong><\/h2>\n<p><span class=\"company\">Dutch Romanian Network<\/span>, utilizeaz\u0103 proceduri de securitate atente pentru protec\u021bia datelor prelucrate, inclusiv pentru a preveni accesul neautorizat. Astfel, ne asigur\u0103m c\u0103 numai persoanele necesare au acces la datele dumneavoastr\u0103 \u0219i c\u0103 accesul la datele dumneavoastr\u0103 personale este protejat.<br \/>\nToate portalurile noastre pentru clien\u021bi au un certificat SSL.<\/p>\n<h2 class=\"subtitle\"><strong>Cookie-uri<\/strong><\/h2>\n<p>Cookie-urile sunt mici buc\u0103\u021bi de informa\u021bii stocate pe computerul dumneavoastr\u0103 de c\u0103tre browserul dumneavoastr\u0103.<br \/>\nCookie-urile ne permit s\u0103 colect\u0103m informa\u021bii despre utilizarea serviciilor noastre \u0219i s\u0103 le \u00eembun\u0103t\u0103\u021bim \u0219i s\u0103 le adapt\u0103m la nevoile vizitatorilor no\u0219tri. Cookie-urile noastre furnizeaz\u0103 informa\u021bii legate de identificarea personal\u0103. Dac\u0103 v\u0103 seta\u021bi browserul s\u0103 nu primeasc\u0103 cookie-uri de la <span class=\"brand\">Dutch Romanian Network <\/span>, ve\u021bi putea vizita \u00een continuare paginile site-ului, \u00eens\u0103 nu ve\u021bi putea s\u0103 v\u0103 conecta\u021bi la panoul de control sau s\u0103 plasa\u021bi comenzi noi prin procesul de comand\u0103.<\/p>\n<p>Informa\u021biile pe care un cookie le ob\u021bine cu privire la utilizarea de c\u0103tre dumneavoastr\u0103 a site-ului web pot fi transferate pe serverele securizate ale <span class=\"company\">Dutch Romanian Network<\/span>.<\/p>\n<h2 class=\"subtitle\"><strong>Cookie-uri tehnice sau func\u021bionale<\/strong><\/h2>\n<p>Scopul principal al modulelor cookie este de a v\u0103 economisi timp \u0219i efort. De exemplu, dac\u0103 personaliza\u021bi o pagin\u0103 web \u00een func\u021bie de preferin\u021bele dvs. personale sau dac\u0103 naviga\u021bi pe un site web, modulele cookie permit ca set\u0103rile \u0219i preferin\u021bele alese s\u0103 fie re\u021binute pentru o utilizare ulterioar\u0103. Atunci c\u00e2nd vizita\u021bi din nou site-ul web mai t\u00e2rziu, datele introduse anterior pot fi recuperate de cookie-uri, permi\u021b\u00e2ndu-v\u0103 s\u0103 utiliza\u021bi din nou cu u\u0219urin\u021b\u0103 caracteristicile site-ului web a\u0219a cum le-a\u021bi configurat anterior.<\/p>\n<p>Captcha, pentru a proteja formularele noastre de contact de robo\u021bi \u0219i scripturi, acestea sunt echipate cu un a\u0219a-numit Captcha (de la Google). reCaptcha utilizeaz\u0103 \u00een acest scop cookie-urile existente, setate anterior de c\u0103tre serviciile Google. \u00cen plus, reCaptcha plaseaz\u0103 un cookie care con\u021bine informa\u021bii despre cookie-urile deja plasate de Google \u00een ultimele \u0219ase luni, c\u00e2te clicuri au fost efectuate \u00een fereastra corespunz\u0103toare, informa\u021biile CSS ale paginii corespunz\u0103toare, data, limba browserului, orice plug-in instalat \u00een browser \u0219i toate obiectele Javascript. Declara\u021bia de confiden\u021bialitate a Google poate fi g\u0103sit\u0103 la <a href=\"https:\/\/policies.google.com\/privacy\">https:\/\/policies.google.com\/privacy<\/a>.<\/p>\n<h2 class=\"subtitle\"><strong>Activarea \u0219i dezactivarea cookie-urilor<\/strong><\/h2>\n<p>Pute\u021bi alege dac\u0103 dori\u021bi sau nu s\u0103 accepta\u021bi cookie-urile. Cele mai multe browsere accept\u0103 automat modulele cookie, dar, dac\u0103 dori\u021bi, pute\u021bi modifica set\u0103rile browserului pentru a nu accepta modulele cookie (consulta\u021bi pagina de ajutor a browserului dumneavoastr\u0103 pentru instruc\u021biuni exacte). Dac\u0103 alege\u021bi s\u0103 nu accepta\u021bi modulele cookie, este posibil s\u0103 nu pute\u021bi profita pe deplin de caracteristicile interactive ale acestui site web sau ale altor site-uri web pe care le vizita\u021bi.<\/p>\n<h2 class=\"subtitle\"><strong>\u0218tergerea cookie-urilor<\/strong><\/h2>\n<p>Majoritatea cookie-urilor au o dat\u0103 de expirare. Aceasta \u00eenseamn\u0103 c\u0103 acestea expir\u0103 automat dup\u0103 o anumit\u0103 perioad\u0103 de timp \u0219i nu mai \u00eenregistreaz\u0103 date de la vizitarea site-ului dumneavoastr\u0103. De asemenea, pute\u021bi alege s\u0103 \u0219terge\u021bi manual modulele cookie \u00eenainte de data de expirare a acestora. Pentru mai multe informa\u021bii \u00een acest sens, consulta\u021bi manualul de utilizare al browserului dumneavoastr\u0103.<\/p>\n<h2 class=\"subtitle\"><strong>Leg\u0103turi c\u0103tre alte site-uri web ale unor ter\u021be p\u0103r\u021bi<\/strong><\/h2>\n<p>Paginile noastre de internet con\u021bin linkuri c\u0103tre alte site-uri web. Aceast\u0103 declara\u021bie privind confiden\u021bialitatea \u0219i cookie-urile nu se aplic\u0103 site-urilor web ale unor ter\u021be p\u0103r\u021bi conectate la site-ul nostru web prin link-uri. Nu putem garanta c\u0103 aceste ter\u021be p\u0103r\u021bi vor gestiona datele dumneavoastr\u0103 personale \u00een mod fiabil sau sigur. Prin urmare, v\u0103 recomand\u0103m s\u0103 citi\u021bi politicile de confiden\u021bialitate ale acestor site-uri web \u00eenainte de a le utiliza.<\/p>\n<h2 class=\"subtitle\"><strong>Drepturile dumneavoastr\u0103 legale<\/strong><\/h2>\n<p>Dac\u0103 ave\u021bi \u00eentreb\u0103ri sau dori\u021bi s\u0103 afla\u021bi ce date cu caracter personal de\u021binem despre dumneavoastr\u0103, ne pute\u021bi contacta oric\u00e2nd. Pute\u021bi face acest lucru contact\u00e2ndu-ne prin intermediul formularului de e-mail, trimi\u021b\u00e2ndu-ne un e-mail la adresa info@dutchromaniannetwork.nl, sau contact\u00e2ndu-ne prin telefon la num\u0103rul <span class=\"phone\">+31 <\/span>06 29041822 de luni p\u00e2n\u0103 vineri \u00eentre orele 9.00 \u0219i 17.30.<\/p>\n<p><strong>Ave\u021bi urm\u0103toarele drepturi<\/strong><\/p>\n<ul>\n<li>ob\u021bine\u021bi o explica\u021bie cu privire la datele cu caracter personal pe care le de\u021binem \u0219i ce facem cu ele<\/li>\n<li>accesul la datele cu caracter personal exacte pe care le de\u021binem;<\/li>\n<li>s\u0103 fie corectate erorile;<\/li>\n<li>\u0219tergerea datelor cu caracter personal \u00eenvechite;<\/li>\n<li>retragerea consim\u021b\u0103m\u00e2ntului;<\/li>\n<li>obiect pentru o anumit\u0103 utilizare;<\/li>\n<li>transferabilitatea datelor<\/li>\n<\/ul>\n<p>V\u0103 rug\u0103m s\u0103 v\u0103 asigura\u021bi c\u0103 indica\u021bi \u00eentotdeauna \u00een mod clar cine sunte\u021bi, astfel \u00eenc\u00e2t s\u0103 ne asigur\u0103m c\u0103 nu modific\u0103m sau \u0219tergem datele unei persoane gre\u0219ite.<\/p>\n<h2 class=\"subtitle\"><strong>Modific\u0103ri ale acestei declara\u021bii privind confiden\u021bialitatea \u0219i cookie-urile<\/strong><\/h2>\n<p>Ne rezerv\u0103m dreptul de a modifica aceast\u0103 declara\u021bie privind confiden\u021bialitatea \u0219i cookie-urile. Modific\u0103rile vor fi publicate pe site-ul nostru. Prin urmare, v\u0103 recomand\u0103m s\u0103 consulta\u021bi periodic aceast\u0103 politic\u0103 pentru a fi la curent cu orice modific\u0103ri.<\/p>\n<h2 class=\"subtitle\"><strong>Autoritatea pentru date cu caracter personal<\/strong><\/h2>\n<p>Bine\u00een\u021beles, suntem, de asemenea, bucuro\u0219i s\u0103 v\u0103 ajut\u0103m dac\u0103 ave\u021bi pl\u00e2ngeri cu privire la prelucrarea datelor dumneavoastr\u0103 personale. \u00cen conformitate cu legile privind confiden\u021bialitatea, ave\u021bi dreptul de a depune o pl\u00e2ngere la Autoritatea pentru protec\u021bia datelor cu caracter personal \u00eempotriva prelucr\u0103rii de c\u0103tre noi a datelor dumneavoastr\u0103 cu caracter personal. \u00cen acest scop, pute\u021bi contacta Autoritatea pentru date cu caracter personal.<\/p>\n<p style=\"text-align: center;\"><img decoding=\"async\" class=\"aligncenter wp-image-21473 size-full\" src=\"https:\/\/www.dutchromaniannetwork.nl\/wp-content\/uploads\/2014\/12\/autoriteit-persoonsgegevens.jpg\" alt=\"\" width=\"543\" height=\"178\" srcset=\"https:\/\/www.dutchromaniannetwork.nl\/wp-content\/uploads\/2014\/12\/autoriteit-persoonsgegevens-458x150.jpg 458w, https:\/\/www.dutchromaniannetwork.nl\/wp-content\/uploads\/2014\/12\/autoriteit-persoonsgegevens-540x178.jpg 540w, https:\/\/www.dutchromaniannetwork.nl\/wp-content\/uploads\/2014\/12\/autoriteit-persoonsgegevens.jpg 543w\" sizes=\"(max-width: 543px) 100vw, 543px\" \/><\/p>\n<\/div><div class=\"fusion-clearfix\"><\/div><\/div><\/div><\/div><\/div><\/p>\n","protected":false},"excerpt":{"rendered":"","protected":false},"author":2,"featured_media":0,"parent":0,"menu_order":0,"comment_status":"closed","ping_status":"open","template":"","meta":{"footnotes":""},"wf_page_folders":[],"class_list":["post-39363","page","type-page","status-publish","hentry"],"_links":{"self":[{"href":"https:\/\/www.dutchromaniannetwork.nl\/ro\/wp-json\/wp\/v2\/pages\/39363","targetHints":{"allow":["GET"]}}],"collection":[{"href":"https:\/\/www.dutchromaniannetwork.nl\/ro\/wp-json\/wp\/v2\/pages"}],"about":[{"href":"https:\/\/www.dutchromaniannetwork.nl\/ro\/wp-json\/wp\/v2\/types\/page"}],"author":[{"embeddable":true,"href":"https:\/\/www.dutchromaniannetwork.nl\/ro\/wp-json\/wp\/v2\/users\/2"}],"replies":[{"embeddable":true,"href":"https:\/\/www.dutchromaniannetwork.nl\/ro\/wp-json\/wp\/v2\/comments?post=39363"}],"version-history":[{"count":4,"href":"https:\/\/www.dutchromaniannetwork.nl\/ro\/wp-json\/wp\/v2\/pages\/39363\/revisions"}],"predecessor-version":[{"id":93507,"href":"https:\/\/www.dutchromaniannetwork.nl\/ro\/wp-json\/wp\/v2\/pages\/39363\/revisions\/93507"}],"wp:attachment":[{"href":"https:\/\/www.dutchromaniannetwork.nl\/ro\/wp-json\/wp\/v2\/media?parent=39363"}],"wp:term":[{"taxonomy":"wf_page_folders","embeddable":true,"href":"https:\/\/www.dutchromaniannetwork.nl\/ro\/wp-json\/wp\/v2\/wf_page_folders?post=39363"}],"curies":[{"name":"wp","href":"https:\/\/api.w.org\/{rel}","templated":true}]}}