{"id":39381,"date":"2024-01-07T16:00:41","date_gmt":"2024-01-07T15:00:41","guid":{"rendered":"https:\/\/www.dutchromaniannetwork.nl\/despre-noi\/consiliul-consultativ-2\/"},"modified":"2026-01-29T17:52:06","modified_gmt":"2026-01-29T16:52:06","slug":"consiliul-consultativ-2","status":"publish","type":"page","link":"https:\/\/www.dutchromaniannetwork.nl\/ro\/despre-noi\/consiliul-consultativ-2\/","title":{"rendered":"Consiliul consultativ"},"content":{"rendered":"<div class=\"fusion-fullwidth fullwidth-box fusion-builder-row-1 nonhundred-percent-fullwidth non-hundred-percent-height-scrolling\" style=\"--awb-background-position:left top;--awb-border-sizes-top:0px;--awb-border-sizes-bottom:0px;--awb-border-sizes-left:0px;--awb-border-sizes-right:0px;--awb-border-radius-top-left:0px;--awb-border-radius-top-right:0px;--awb-border-radius-bottom-right:0px;--awb-border-radius-bottom-left:0px;--awb-padding-top:20px;--awb-padding-bottom:20px;\" ><div class=\"fusion-builder-row fusion-row\"><div class=\"fusion-layout-column fusion_builder_column fusion-builder-column-0 fusion_builder_column_1_1 1_1 fusion-one-full fusion-column-first fusion-column-last fusion-column-no-min-height\" style=\"--awb-bg-size:cover;--awb-margin-bottom:0px;\"><div class=\"fusion-column-wrapper fusion-flex-column-wrapper-legacy\"><div class=\"fusion-title title fusion-title-1 fusion-title-text fusion-title-size-one\"><h1 class=\"title-heading-left\" style=\"margin:0;\"><span style=\"color: #000080;\">Consiliul consultativ<\/span><\/h1><span class=\"awb-title-spacer\"><\/span><div class=\"title-sep-container\"><div class=\"title-sep sep-double sep-solid\" style=\"border-color:#e0dede;\"><\/div><\/div><\/div><div class=\"fusion-text fusion-text-1\"><blockquote>\n<p>Dutch Romanian este o organiza\u021bie de afaceri nesectorial\u0103 axat\u0103 pe Rom\u00e2nia.<br \/>\nCre\u0219terea puternic\u0103 a num\u0103rului de companii olandeze din Rom\u00e2nia (\u00een prezent, peste 5.200) spore\u0219te, prin urmare, solicit\u0103rile privind for\u021ba de consiliere a re\u021belei olandeze din Rom\u00e2nia (DRN). Numeroase sectoare nu sunt reflectate \u00een consiliu \u0219i, prin urmare, un num\u0103r de antreprenori exper\u021bi au fost g\u0103si\u021bi dispu\u0219i s\u0103 fac\u0103 parte din consiliul consultativ pentru a-i spori puterea consultativ\u0103. Aceasta \u00eenseamn\u0103 c\u0103 actualul consiliu consultativ va fi extins pentru a include exper\u021bi din alte sectoare \u00een viitorul apropiat.<br \/>\nPentru a p\u0103stra lucrurile \u00een ordine, toate cererile de consiliere vor fi transmise prin intermediul secretariatului DRN prin e-mail: <a href=\"mailto:info@dutchromaniannetwork.nl\">info@dutchromaniannetwork.nl<\/a><\/p>\n<\/blockquote>\n<p>Aceast\u0103 consiliere gratuit\u0103 (de baz\u0103) este disponibil\u0103 numai pentru membri.<\/p>\n<\/div><div class=\"fusion-clearfix\"><\/div><\/div><\/div><div class=\"fusion-layout-column fusion_builder_column fusion-builder-column-1 fusion_builder_column_1_3 1_3 fusion-one-third fusion-column-first\" style=\"--awb-bg-size:cover;width:30.6666%; margin-right: 4%;\"><div class=\"fusion-column-wrapper fusion-flex-column-wrapper-legacy\"><div class=\"fusion-text fusion-text-2\"><p style=\"text-align: center;\"><span style=\"font-size: 16px;\"><strong>Consultan\u021b\u0103 juridic\u0103<\/strong><\/span><\/p>\n<\/div><div class=\"fusion-image-element fusion-image-align-center in-legacy-container\" style=\"text-align:center;--awb-bottom-shadow-color:rgba(48,48,48,0.4);--awb-caption-title-font-family:var(--h2_typography-font-family);--awb-caption-title-font-weight:var(--h2_typography-font-weight);--awb-caption-title-font-style:var(--h2_typography-font-style);--awb-caption-title-size:var(--h2_typography-font-size);--awb-caption-title-transform:var(--h2_typography-text-transform);--awb-caption-title-line-height:var(--h2_typography-line-height);--awb-caption-title-letter-spacing:var(--h2_typography-letter-spacing);\"><div class=\"imageframe-align-center\"><div class=\"awb-image-frame awb-image-frame-1 fusion-image-frame-bottomshadow element-bottomshadow image-frame-shadow-1\"><span class=\" fusion-imageframe imageframe-bottomshadow imageframe-1 element-bottomshadow hover-type-zoomin fusion-animated\" style=\"border:5px solid #969696;\" data-animationType=\"fadeInRight\" data-animationDuration=\"0.1\" data-animationOffset=\"top-into-view\" class=\"image-magnify\" class=\"image-scroll\"><img decoding=\"async\" width=\"164\" height=\"164\" title=\"Andrada Tiru\" src=\"https:\/\/www.dutchromaniannetwork.nl\/wp-content\/uploads\/2019\/09\/Andrada-Tiru.jpg\" alt class=\"img-responsive wp-image-69053\" srcset=\"https:\/\/www.dutchromaniannetwork.nl\/wp-content\/uploads\/2019\/09\/Andrada-Tiru-66x66.jpg 66w, https:\/\/www.dutchromaniannetwork.nl\/wp-content\/uploads\/2019\/09\/Andrada-Tiru-150x150.jpg 150w, https:\/\/www.dutchromaniannetwork.nl\/wp-content\/uploads\/2019\/09\/Andrada-Tiru.jpg 164w\" sizes=\"(max-width: 164px) 100vw, 164px\" \/><\/span><\/div><\/div><\/div><div class=\"fusion-text fusion-text-3\"><p style=\"text-align: center;\"><strong>Andrada Tiru<\/strong><\/p>\n<\/div><div class=\"fusion-text fusion-text-4\"><p style=\"text-align: center;\">Avocat la Simmons &amp; Simmons LLP \u00een Amsterdam | vorbe\u0219te olandez\u0103 \u0219i rom\u00e2n\u0103 | se concentreaz\u0103 pe dreptul NL<\/p>\n<\/div><div class=\"fusion-text fusion-text-5\"><p style=\"text-align: center;\"><strong>Detalii de contact:<\/strong><br \/>\n<a href=\"https:\/\/www.simmons-simmons.com\/en\/people\/ck0dx4urwustj0b36w5uiivoy\/andrada-tiru\" target=\"_blank\" rel=\"noopener\">https:\/\/www.simmons-simmons.com\/en\/people\/ck0dx4urwustj0b36w5uiivoy\/andrada-tiru<\/a><\/p>\n<\/div><div class=\"fusion-clearfix\"><\/div><\/div><\/div><div class=\"fusion-layout-column fusion_builder_column fusion-builder-column-2 fusion_builder_column_1_3 1_3 fusion-one-third\" style=\"--awb-bg-size:cover;width:30.6666%; margin-right: 4%;\"><div class=\"fusion-column-wrapper fusion-flex-column-wrapper-legacy\"><div class=\"fusion-text fusion-text-6\"><p style=\"text-align: center;\"><span style=\"font-size: 16px;\"><strong>Sectorul apei<\/strong><\/span><\/p>\n<\/div><div class=\"fusion-image-element fusion-image-align-center in-legacy-container\" style=\"text-align:center;--awb-bottom-shadow-color:rgba(48,48,48,0.4);--awb-caption-title-font-family:var(--h2_typography-font-family);--awb-caption-title-font-weight:var(--h2_typography-font-weight);--awb-caption-title-font-style:var(--h2_typography-font-style);--awb-caption-title-size:var(--h2_typography-font-size);--awb-caption-title-transform:var(--h2_typography-text-transform);--awb-caption-title-line-height:var(--h2_typography-line-height);--awb-caption-title-letter-spacing:var(--h2_typography-letter-spacing);\"><div class=\"imageframe-align-center\"><div class=\"awb-image-frame awb-image-frame-2 fusion-image-frame-bottomshadow element-bottomshadow image-frame-shadow-2\"><span class=\" fusion-imageframe imageframe-bottomshadow imageframe-2 element-bottomshadow hover-type-zoomin fusion-animated\" style=\"border:5px solid #969696;\" data-animationType=\"fadeInRight\" data-animationDuration=\"0.1\" data-animationOffset=\"top-into-view\" class=\"image-magnify\" class=\"image-scroll\"><img decoding=\"async\" width=\"164\" height=\"164\" title=\"Dennis van Peppen\" src=\"https:\/\/www.dutchromaniannetwork.nl\/wp-content\/uploads\/2019\/09\/Dennis-van-Peppen.jpg\" alt class=\"img-responsive wp-image-69060\" srcset=\"https:\/\/www.dutchromaniannetwork.nl\/wp-content\/uploads\/2019\/09\/Dennis-van-Peppen-66x66.jpg 66w, https:\/\/www.dutchromaniannetwork.nl\/wp-content\/uploads\/2019\/09\/Dennis-van-Peppen-150x150.jpg 150w, https:\/\/www.dutchromaniannetwork.nl\/wp-content\/uploads\/2019\/09\/Dennis-van-Peppen.jpg 164w\" sizes=\"(max-width: 164px) 100vw, 164px\" \/><\/span><\/div><\/div><\/div><div class=\"fusion-text fusion-text-7\"><p style=\"text-align: center;\"><strong>Dennis van Peppen<\/strong><\/p>\n<\/div><div class=\"fusion-text fusion-text-8\"><p style=\"text-align: center;\">Manager Programe de ap\u0103, Agen\u021bia de pre\u021buri din \u021a\u0103rile de Jos (RVO), Parteneri pentru ap\u0103<\/p>\n<\/div><div class=\"fusion-clearfix\"><\/div><\/div><\/div><div class=\"fusion-layout-column fusion_builder_column fusion-builder-column-3 fusion_builder_column_1_3 1_3 fusion-one-third fusion-column-last\" style=\"--awb-bg-size:cover;width:30.6666%;\"><div class=\"fusion-column-wrapper fusion-flex-column-wrapper-legacy\"><div class=\"fusion-text fusion-text-9\"><p style=\"text-align: center;\"><span style=\"font-size: 16px;\"><strong>Sectorul agricol<\/strong><\/span><\/p>\n<\/div><div class=\"fusion-image-element fusion-image-align-center in-legacy-container\" style=\"text-align:center;--awb-bottom-shadow-color:rgba(48,48,48,0.4);--awb-caption-title-font-family:var(--h2_typography-font-family);--awb-caption-title-font-weight:var(--h2_typography-font-weight);--awb-caption-title-font-style:var(--h2_typography-font-style);--awb-caption-title-size:var(--h2_typography-font-size);--awb-caption-title-transform:var(--h2_typography-text-transform);--awb-caption-title-line-height:var(--h2_typography-line-height);--awb-caption-title-letter-spacing:var(--h2_typography-letter-spacing);\"><div class=\"imageframe-align-center\"><div class=\"awb-image-frame awb-image-frame-3 fusion-image-frame-bottomshadow element-bottomshadow image-frame-shadow-3\"><span class=\" fusion-imageframe imageframe-bottomshadow imageframe-3 element-bottomshadow hover-type-zoomin fusion-animated\" style=\"border:5px solid #969696;\" data-animationType=\"fadeInRight\" data-animationDuration=\"0.1\" data-animationOffset=\"top-into-view\" class=\"image-magnify\" class=\"image-scroll\"><img decoding=\"async\" width=\"164\" height=\"164\" title=\"Reinder Schaap\" src=\"https:\/\/www.dutchromaniannetwork.nl\/wp-content\/uploads\/2019\/09\/Reinder-Schaap.jpg\" alt class=\"img-responsive wp-image-69089\" srcset=\"https:\/\/www.dutchromaniannetwork.nl\/wp-content\/uploads\/2019\/09\/Reinder-Schaap-66x66.jpg 66w, https:\/\/www.dutchromaniannetwork.nl\/wp-content\/uploads\/2019\/09\/Reinder-Schaap-150x150.jpg 150w, https:\/\/www.dutchromaniannetwork.nl\/wp-content\/uploads\/2019\/09\/Reinder-Schaap.jpg 164w\" sizes=\"(max-width: 164px) 100vw, 164px\" \/><\/span><\/div><\/div><\/div><div class=\"fusion-text fusion-text-10\"><p style=\"text-align: center;\"><strong>Reinder Schaap<\/strong><\/p>\n<\/div><div class=\"fusion-text fusion-text-11\"><p style=\"text-align: center;\">Pre\u0219edinte DRN Task Force Agri-Food-Tech, fost membru al Consiliului Agricultur\u0103<\/p>\n<\/div><div class=\"fusion-clearfix\"><\/div><\/div><\/div><div class=\"fusion-layout-column fusion_builder_column fusion-builder-column-4 fusion_builder_column_1_1 1_1 fusion-one-full fusion-column-first fusion-column-last fusion-column-no-min-height\" style=\"--awb-bg-size:cover;--awb-margin-bottom:0px;\"><div class=\"fusion-column-wrapper fusion-flex-column-wrapper-legacy\"><div class=\"fusion-sep-clear\"><\/div><div class=\"fusion-separator fusion-has-icon fusion-full-width-sep\" style=\"margin-left: auto;margin-right: auto;margin-top:10px;margin-bottom:20px;width:100%;\"><div class=\"fusion-separator-border sep-shadow\" style=\"--awb-height:20px;--awb-amount:20px;--awb-sep-color:#b7b7b7;background:radial-gradient(ellipse at 50% -50% , #b7b7b7 0px, rgba(255, 255, 255, 0) 80%) repeat scroll 0 0 rgba(0, 0, 0, 0);background:-webkit-radial-gradient(ellipse at 50% -50% , #b7b7b7 0px, rgba(255, 255, 255, 0) 80%) repeat scroll 0 0 rgba(0, 0, 0, 0);background:-moz-radial-gradient(ellipse at 50% -50% , #b7b7b7 0px, rgba(255, 255, 255, 0) 80%) repeat scroll 0 0 rgba(0, 0, 0, 0);background:-o-radial-gradient(ellipse at 50% -50% , #b7b7b7 0px, rgba(255, 255, 255, 0) 80%) repeat scroll 0 0 rgba(0, 0, 0, 0);\"><\/div><span class=\"icon-wrapper\" style=\"border-color:#b7b7b7;background-color:#0a1470;font-size:15px;width: 1.75em; height: 1.75em;border-width:1px;padding:1px;\"><i class=\" fa fa-exclamation-circle\" style=\"font-size: inherit;color:#b7b7b7;\" aria-hidden=\"true\"><\/i><\/span><div class=\"fusion-separator-border sep-shadow\" style=\"--awb-height:20px;--awb-amount:20px;--awb-sep-color:#b7b7b7;background:radial-gradient(ellipse at 50% -50% , #b7b7b7 0px, rgba(255, 255, 255, 0) 80%) repeat scroll 0 0 rgba(0, 0, 0, 0);background:-webkit-radial-gradient(ellipse at 50% -50% , #b7b7b7 0px, rgba(255, 255, 255, 0) 80%) repeat scroll 0 0 rgba(0, 0, 0, 0);background:-moz-radial-gradient(ellipse at 50% -50% , #b7b7b7 0px, rgba(255, 255, 255, 0) 80%) repeat scroll 0 0 rgba(0, 0, 0, 0);background:-o-radial-gradient(ellipse at 50% -50% , #b7b7b7 0px, rgba(255, 255, 255, 0) 80%) repeat scroll 0 0 rgba(0, 0, 0, 0);\"><\/div><\/div><div class=\"fusion-sep-clear\"><\/div><div class=\"fusion-clearfix\"><\/div><\/div><\/div><div class=\"fusion-layout-column fusion_builder_column fusion-builder-column-5 fusion_builder_column_1_3 1_3 fusion-one-third fusion-column-first\" style=\"--awb-bg-size:cover;width:30.6666%; margin-right: 4%;\"><div class=\"fusion-column-wrapper fusion-flex-column-wrapper-legacy\"><div class=\"fusion-text fusion-text-12\"><p style=\"text-align: center;\"><span style=\"font-size: 16px;\"><strong>Sectorul fiscal<\/strong><\/span><\/p>\n<\/div><div class=\"fusion-image-element fusion-image-align-center in-legacy-container\" style=\"text-align:center;--awb-bottom-shadow-color:rgba(48,48,48,0.4);--awb-caption-title-font-family:var(--h2_typography-font-family);--awb-caption-title-font-weight:var(--h2_typography-font-weight);--awb-caption-title-font-style:var(--h2_typography-font-style);--awb-caption-title-size:var(--h2_typography-font-size);--awb-caption-title-transform:var(--h2_typography-text-transform);--awb-caption-title-line-height:var(--h2_typography-line-height);--awb-caption-title-letter-spacing:var(--h2_typography-letter-spacing);\"><div class=\"imageframe-align-center\"><div class=\"awb-image-frame awb-image-frame-4 fusion-image-frame-bottomshadow element-bottomshadow image-frame-shadow-4\"><span class=\" fusion-imageframe imageframe-bottomshadow imageframe-4 element-bottomshadow hover-type-zoomin fusion-animated\" style=\"border:5px solid #969696;\" data-animationType=\"fadeInRight\" data-animationDuration=\"0.1\" data-animationOffset=\"top-into-view\" class=\"image-magnify\" class=\"image-scroll\"><img decoding=\"async\" width=\"164\" height=\"164\" title=\"Edwin Warmerdam\" src=\"https:\/\/www.dutchromaniannetwork.nl\/wp-content\/uploads\/2019\/09\/Edwin-Warmerdam.jpg\" alt class=\"img-responsive wp-image-69069\" srcset=\"https:\/\/www.dutchromaniannetwork.nl\/wp-content\/uploads\/2019\/09\/Edwin-Warmerdam-66x66.jpg 66w, https:\/\/www.dutchromaniannetwork.nl\/wp-content\/uploads\/2019\/09\/Edwin-Warmerdam-150x150.jpg 150w, https:\/\/www.dutchromaniannetwork.nl\/wp-content\/uploads\/2019\/09\/Edwin-Warmerdam.jpg 164w\" sizes=\"(max-width: 164px) 100vw, 164px\" \/><\/span><\/div><\/div><\/div><div class=\"fusion-text fusion-text-13\"><p style=\"text-align: center;\"><strong>Edwin Warmerdam<\/strong><\/p>\n<\/div><div class=\"fusion-text fusion-text-14\"><p style=\"text-align: center;\">Partener fiscal Mazars Rom\u00e2nia, membru al Consiliului de Administra\u021bie NRCC<\/p>\n<\/div><div class=\"fusion-clearfix\"><\/div><\/div><\/div><div class=\"fusion-layout-column fusion_builder_column fusion-builder-column-6 fusion_builder_column_1_3 1_3 fusion-one-third\" style=\"--awb-bg-size:cover;width:30.6666%; margin-right: 4%;\"><div class=\"fusion-column-wrapper fusion-flex-column-wrapper-legacy\"><div class=\"fusion-text fusion-text-15\"><p style=\"text-align: center;\"><span style=\"font-size: 16px;\"><strong>Sectorul produselor lactate<\/strong><\/span><\/p>\n<\/div><div class=\"fusion-image-element fusion-image-align-center in-legacy-container\" style=\"text-align:center;--awb-bottom-shadow-color:rgba(48,48,48,0.4);--awb-caption-title-font-family:var(--h2_typography-font-family);--awb-caption-title-font-weight:var(--h2_typography-font-weight);--awb-caption-title-font-style:var(--h2_typography-font-style);--awb-caption-title-size:var(--h2_typography-font-size);--awb-caption-title-transform:var(--h2_typography-text-transform);--awb-caption-title-line-height:var(--h2_typography-line-height);--awb-caption-title-letter-spacing:var(--h2_typography-letter-spacing);\"><div class=\"imageframe-align-center\"><div class=\"awb-image-frame awb-image-frame-5 fusion-image-frame-bottomshadow element-bottomshadow image-frame-shadow-5\"><span class=\" fusion-imageframe imageframe-bottomshadow imageframe-5 element-bottomshadow hover-type-zoomin fusion-animated\" style=\"border:5px solid #969696;\" data-animationType=\"fadeInRight\" data-animationDuration=\"0.1\" data-animationOffset=\"top-into-view\" class=\"image-magnify\" class=\"image-scroll\"><img decoding=\"async\" width=\"164\" height=\"164\" title=\"Jan de Boer\" src=\"https:\/\/www.dutchromaniannetwork.nl\/wp-content\/uploads\/2019\/09\/Jan-de-Boer.jpg\" alt class=\"img-responsive wp-image-69081\" srcset=\"https:\/\/www.dutchromaniannetwork.nl\/wp-content\/uploads\/2019\/09\/Jan-de-Boer-66x66.jpg 66w, https:\/\/www.dutchromaniannetwork.nl\/wp-content\/uploads\/2019\/09\/Jan-de-Boer-150x150.jpg 150w, https:\/\/www.dutchromaniannetwork.nl\/wp-content\/uploads\/2019\/09\/Jan-de-Boer.jpg 164w\" sizes=\"(max-width: 164px) 100vw, 164px\" \/><\/span><\/div><\/div><\/div><div class=\"fusion-text fusion-text-16\"><p style=\"text-align: center;\"><strong>Jan de Boer<\/strong><\/p>\n<\/div><div class=\"fusion-text fusion-text-17\"><p style=\"text-align: center;\">CEO DN Agrar \u0219i Academia de Lactate, C\u00e2\u0219tig\u0103tor Romanian Business Award 2016<\/p>\n<\/div><div class=\"fusion-clearfix\"><\/div><\/div><\/div><div class=\"fusion-layout-column fusion_builder_column fusion-builder-column-7 fusion_builder_column_1_3 1_3 fusion-one-third fusion-column-last\" style=\"--awb-bg-size:cover;width:30.6666%;\"><div class=\"fusion-column-wrapper fusion-flex-column-wrapper-legacy\"><div class=\"fusion-text fusion-text-18\"><p style=\"text-align: center;\"><span style=\"font-size: 16px;\"><strong>Consultan\u021b\u0103 juridic\u0103<\/strong><\/span><\/p>\n<\/div><div class=\"fusion-image-element fusion-image-align-center in-legacy-container\" style=\"text-align:center;--awb-bottom-shadow-color:rgba(48,48,48,0.4);--awb-caption-title-font-family:var(--h2_typography-font-family);--awb-caption-title-font-weight:var(--h2_typography-font-weight);--awb-caption-title-font-style:var(--h2_typography-font-style);--awb-caption-title-size:var(--h2_typography-font-size);--awb-caption-title-transform:var(--h2_typography-text-transform);--awb-caption-title-line-height:var(--h2_typography-line-height);--awb-caption-title-letter-spacing:var(--h2_typography-letter-spacing);\"><div class=\"imageframe-align-center\"><div class=\"awb-image-frame awb-image-frame-6 fusion-image-frame-bottomshadow element-bottomshadow image-frame-shadow-6\"><span class=\" fusion-imageframe imageframe-bottomshadow imageframe-6 element-bottomshadow hover-type-zoomin fusion-animated\" style=\"border:5px solid #969696;\" data-animationType=\"fadeInRight\" data-animationDuration=\"0.1\" data-animationOffset=\"top-into-view\" class=\"image-magnify\" class=\"image-scroll\"><img decoding=\"async\" width=\"164\" height=\"164\" title=\"Loredana\" src=\"https:\/\/www.dutchromaniannetwork.nl\/wp-content\/uploads\/2021\/03\/Loredana-1.jpg\" alt class=\"img-responsive wp-image-30110\" srcset=\"https:\/\/www.dutchromaniannetwork.nl\/wp-content\/uploads\/2021\/03\/Loredana-1-66x66.jpg 66w, https:\/\/www.dutchromaniannetwork.nl\/wp-content\/uploads\/2021\/03\/Loredana-1-150x150.jpg 150w, https:\/\/www.dutchromaniannetwork.nl\/wp-content\/uploads\/2021\/03\/Loredana-1.jpg 164w\" sizes=\"(max-width: 164px) 100vw, 164px\" \/><\/span><\/div><\/div><\/div><div class=\"fusion-text fusion-text-19\"><p style=\"text-align: center;\"><strong>Loredana van de Waart <\/strong><\/p>\n<\/div><div class=\"fusion-text fusion-text-20\"><p style=\"text-align: center;\">Avocat la Van de Waart | Bora&amp;Banu \u00een Bucure\u0219ti, axat pe Ro-Law<\/p>\n<\/div><div class=\"fusion-clearfix\"><\/div><\/div><\/div><\/div><\/div>\n","protected":false},"excerpt":{"rendered":"","protected":false},"author":2,"featured_media":0,"parent":12341,"menu_order":0,"comment_status":"closed","ping_status":"closed","template":"","meta":{"footnotes":""},"wf_page_folders":[],"class_list":["post-39381","page","type-page","status-publish","hentry"],"_links":{"self":[{"href":"https:\/\/www.dutchromaniannetwork.nl\/ro\/wp-json\/wp\/v2\/pages\/39381","targetHints":{"allow":["GET"]}}],"collection":[{"href":"https:\/\/www.dutchromaniannetwork.nl\/ro\/wp-json\/wp\/v2\/pages"}],"about":[{"href":"https:\/\/www.dutchromaniannetwork.nl\/ro\/wp-json\/wp\/v2\/types\/page"}],"author":[{"embeddable":true,"href":"https:\/\/www.dutchromaniannetwork.nl\/ro\/wp-json\/wp\/v2\/users\/2"}],"replies":[{"embeddable":true,"href":"https:\/\/www.dutchromaniannetwork.nl\/ro\/wp-json\/wp\/v2\/comments?post=39381"}],"version-history":[{"count":5,"href":"https:\/\/www.dutchromaniannetwork.nl\/ro\/wp-json\/wp\/v2\/pages\/39381\/revisions"}],"predecessor-version":[{"id":94425,"href":"https:\/\/www.dutchromaniannetwork.nl\/ro\/wp-json\/wp\/v2\/pages\/39381\/revisions\/94425"}],"up":[{"embeddable":true,"href":"https:\/\/www.dutchromaniannetwork.nl\/ro\/wp-json\/wp\/v2\/pages\/12341"}],"wp:attachment":[{"href":"https:\/\/www.dutchromaniannetwork.nl\/ro\/wp-json\/wp\/v2\/media?parent=39381"}],"wp:term":[{"taxonomy":"wf_page_folders","embeddable":true,"href":"https:\/\/www.dutchromaniannetwork.nl\/ro\/wp-json\/wp\/v2\/wf_page_folders?post=39381"}],"curies":[{"name":"wp","href":"https:\/\/api.w.org\/{rel}","templated":true}]}}