{"id":91181,"date":"2025-05-17T09:38:29","date_gmt":"2025-05-17T08:38:29","guid":{"rendered":"https:\/\/www.dutchromaniannetwork.nl\/abonare-dezabonare-de-la-newsletter\/"},"modified":"2025-05-17T09:51:32","modified_gmt":"2025-05-17T08:51:32","slug":"abonare-dezabonare-de-la-newsletter","status":"publish","type":"page","link":"https:\/\/www.dutchromaniannetwork.nl\/ro\/abonare-dezabonare-de-la-newsletter\/","title":{"rendered":"Abonare \/ dezabonare de la newsletter"},"content":{"rendered":"<p><div class=\"fusion-fullwidth fullwidth-box fusion-builder-row-1 nonhundred-percent-fullwidth non-hundred-percent-height-scrolling\" style=\"--awb-background-position:left top;--awb-border-sizes-top:0px;--awb-border-sizes-bottom:0px;--awb-border-sizes-left:0px;--awb-border-sizes-right:0px;--awb-border-radius-top-left:0px;--awb-border-radius-top-right:0px;--awb-border-radius-bottom-right:0px;--awb-border-radius-bottom-left:0px;--awb-padding-top:0px;--awb-padding-right:0px;--awb-padding-bottom:0px;--awb-padding-left:0px;\" ><div class=\"fusion-builder-row fusion-row\"><div class=\"fusion-layout-column fusion_builder_column fusion-builder-column-0 fusion_builder_column_1_1 1_1 fusion-one-full fusion-column-first fusion-column-last fusion-column-no-min-height\" style=\"--awb-bg-size:cover;--awb-margin-bottom:0px;\"><div class=\"fusion-column-wrapper fusion-flex-column-wrapper-legacy\"><div class=\"fusion-title title fusion-title-1 fusion-title-text fusion-title-size-one\"><h1 class=\"title-heading-left\" style=\"margin:0;\"><p>Abonare \/ Dezabonare de la newsletter<\/p>\n<p>Abonare \/ Dezabonare de la newsletter<\/p>\n<p>Aboneaza-te \/ Dezaboneaza-te de la newsletter<\/p><\/h1><span class=\"awb-title-spacer\"><\/span><div class=\"title-sep-container\"><div class=\"title-sep sep-single sep-solid\" style=\"border-color:#e0dede;\"><\/div><\/div><\/div><div class=\"fusion-clearfix\"><\/div><\/div><\/div><\/div><\/div><div class=\"fusion-fullwidth fullwidth-box fusion-builder-row-2 hundred-percent-fullwidth non-hundred-percent-height-scrolling\" style=\"--awb-border-radius-top-left:0px;--awb-border-radius-top-right:0px;--awb-border-radius-bottom-right:0px;--awb-border-radius-bottom-left:0px;--awb-overflow:visible;\" ><div class=\"fusion-builder-row fusion-row\"><div class=\"fusion-layout-column fusion_builder_column fusion-builder-column-1 fusion_builder_column_3_4 3_4 fusion-three-fourth fusion-column-first\" style=\"--awb-bg-size:cover;width:74%; margin-right: 4%;\"><div class=\"fusion-column-wrapper fusion-flex-column-wrapper-legacy\"><div class=\"fusion-text fusion-text-1\"><p><span id=\"result_box\" class=\"\" lang=\"en\"><span class=\"hps\">Pentru a v\u0103 abona sau a v\u0103 dezabona de la buletinul informativ, v\u0103 rug\u0103m s\u0103 introduce\u021bi datele dvs. mai jos.<br \/>\n<\/span><\/span><\/p>\n<p><strong> <form method=\"post\" enctype=\"multipart\/form-data\" id=\"vfbp-form-9\" class=\"vfbp-form\"><div style=\"display:none;\"><label for=\"vfbp-EMAIL-AN8fuQyoDLXem\">If you are human, leave this field blank.<\/label><input size=\"25\" autocomplete=\"off\" type=\"text\" name=\"vfbp-EMAIL-AN8fuQyoDLXem\" value=\"\" id=\"\"><\/div><input type=\"hidden\" name=\"_vfb-timestamp-9\" value=\"1776707402\" id=\"\"><input type=\"hidden\" name=\"_vfb-form-id\" value=\"9\" id=\"\"><div class=\"vfb-form-group vfb-col-12\"><div><div class=\"\">Velden met een * verplicht | ds marked with an * are required | C\u00e2mpurile marcate cu * sunt obligatorii<\/div><\/div><\/div><div class=\"vfb-col-12 vfb-fieldType-heading\" id=\"vfbField159\"><\/div><div class=\"vfb-clearfix\"><\/div><div class=\"vfb-col-12 vfb-fieldType-radio\" id=\"vfbField169\"><label for=\"vfb-field-169\" class=\"vfb-control-label\">Aanpassing \/ Aanmelden \/ Afmelden nieuwsbrief <span class=\"vfb-required-asterisk\">*<\/span><\/label><div><div class=\"vfb-radio\"><label><input id=\"vfb-field-169-0\" class=\"\" placeholder=\"\" required=\"required\" type=\"radio\" name=\"vfb-field-169\" value=\"Aanmelden nieuwsbrief | Abonare la newsletter | Newsletter sign up\">Aanmelden nieuwsbrief | Abonare la newsletter | Newsletter sign up<\/label><\/div><div class=\"vfb-radio\"><label><input id=\"vfb-field-169-1\" class=\"\" placeholder=\"\" required=\"required\" type=\"radio\" name=\"vfb-field-169\" value=\"Afmelden nieuwsbrief | Unsubscribe from newsletter | Dezabonare de la newsletter\">Afmelden nieuwsbrief | Unsubscribe from newsletter | Dezabonare de la newsletter<\/label><\/div><div class=\"vfb-radio\"><label><input id=\"vfb-field-169-2\" class=\"\" placeholder=\"\" required=\"required\" type=\"radio\" name=\"vfb-field-169\" value=\"Aanpassing accountgegevens | Adjustment of account information | Ajustarea detaliilor contului\">Aanpassing accountgegevens | Adjustment of account information | Ajustarea detaliilor contului<\/label><\/div><\/div><\/div><div class=\"vfb-clearfix\"><\/div><div class=\"vfb-col-12 vfb-fieldType-text\" id=\"vfbField164\"><div class=\"vfb-form-group\"><label for=\"vfb-field-164\" class=\"vfb-control-label\">Naam \/ Bedrijf <span class=\"vfb-required-asterisk\">*<\/span><\/label><div><input id=\"vfb-field-164\" class=\"vfb-form-control\" placeholder=\"\" required=\"required\" type=\"text\" name=\"vfb-field-164\" value=\"\"><\/div><\/div><\/div><div class=\"vfb-clearfix\"><\/div><div class=\"vfb-col-12 vfb-fieldType-text\" id=\"vfbField170\"><div class=\"vfb-form-group\"><label for=\"vfb-field-170\" class=\"vfb-control-label\">Contactpersoon<\/label><div><input id=\"vfb-field-170\" class=\"vfb-form-control\" placeholder=\"\" type=\"text\" name=\"vfb-field-170\" value=\"\"><\/div><\/div><\/div><div class=\"vfb-clearfix\"><\/div><div class=\"vfb-col-12 vfb-fieldType-email\" id=\"vfbField166\"><div class=\"vfb-form-group\"><label for=\"vfb-field-166\" class=\"vfb-control-label\">E-mail <span class=\"vfb-required-asterisk\">*<\/span><\/label><div><input id=\"vfb-field-166\" class=\"vfb-form-control\" placeholder=\"\" required=\"required\" type=\"email\" name=\"vfb-field-166\" value=\"\"><\/div><\/div><\/div><div class=\"vfb-clearfix\"><\/div><div class=\"vfb-col-12 vfb-fieldType-textarea\" id=\"vfbField167\"><div class=\"vfb-form-group\"><label for=\"vfb-field-167\" class=\"vfb-control-label\">Vraag \/ Opmerking<\/label><div><textarea id=\"vfb-field-167\" class=\"vfb-form-control\" placeholder=\"\" rows=\"3\" name=\"vfb-field-167\" cols=\"50\"><\/textarea><\/div><\/div><\/div><div class=\"vfb-clearfix\"><\/div><div class=\"vfb-col-12 vfb-fieldType-captcha\" id=\"vfbField329\"><div class=\"vfb-form-group\"><label for=\"vfb-field-329\" class=\"vfb-control-label\">Captcha <span class=\"vfb-required-asterisk\">*<\/span><\/label><div><div class=\"g-recaptcha\" data-sitekey=\"6LfsDiMUAAAAALxThONenrCwahIEEr-iGQGmWvNX\"><\/div><input type=\"hidden\" name=\"_vfb_recaptcha_enabled\" value=\"1\" id=\"\"><div class=\"vfb-has-error\" id=\"vfb-recaptcha-error\"><span class=\"vfb-help-block\">reCAPTCHA is required.<\/span><\/div><\/div><\/div><\/div><div class=\"vfb-clearfix\"><\/div><div class=\"vfb-col-12 vfb-fieldType-submit\" id=\"vfbField163\"><button id=\"vfb-field-163\" class=\" btn btn-primary\" placeholder=\"\" type=\"submit\" name=\"_vfb-submit\">Verzenden<\/button><\/div><div class=\"vfb-clearfix\"><\/div><\/form><\/strong><\/p>\n<\/div><div class=\"fusion-clearfix\"><\/div><\/div><\/div><div class=\"fusion-layout-column fusion_builder_column fusion-builder-column-2 fusion_builder_column_1_4 1_4 fusion-one-fourth fusion-column-last\" style=\"--awb-bg-size:cover;width:22%;\"><div class=\"fusion-column-wrapper fusion-flex-column-wrapper-legacy\"><div class=\"fusion-text fusion-text-2\"><p><img decoding=\"async\" class=\"aligncenter wp-image-42664 size-full\" src=\"https:\/\/www.dutchromaniannetwork.nl\/wp-content\/uploads\/2024\/12\/mail.jpg\" alt=\"\" width=\"347\" height=\"172\" srcset=\"https:\/\/www.dutchromaniannetwork.nl\/wp-content\/uploads\/2024\/12\/mail-200x99.jpg 200w, https:\/\/www.dutchromaniannetwork.nl\/wp-content\/uploads\/2024\/12\/mail-303x150.jpg 303w, https:\/\/www.dutchromaniannetwork.nl\/wp-content\/uploads\/2024\/12\/mail.jpg 347w\" sizes=\"(max-width: 347px) 100vw, 347px\" \/><\/p>\n<\/div><div class=\"fusion-text fusion-text-3\"><p><img decoding=\"async\" class=\"aligncenter wp-image-15536 size-full\" src=\"https:\/\/www.dutchromaniannetwork.nl\/wp-content\/uploads\/2014\/10\/vlaggen-nl-ro.png\" alt=\"steaguri-nl-ro\" width=\"200\" height=\"143\"><\/p>\n<p style=\"text-align: center;\"><img decoding=\"async\" class=\"alignnone size-medium wp-image-37268\" src=\"https:\/\/www.dutchromaniannetwork.nl\/wp-content\/uploads\/2023\/03\/36-Met-de-wereld-aan-tafel-%E2%80%93-Top-Business-Event-3-1-299x300.jpg\" alt=\"\" width=\"299\" height=\"300\"><\/p>\n<\/div><div class=\"fusion-clearfix\"><\/div><\/div><\/div><\/div><\/div><\/p>\n","protected":false},"excerpt":{"rendered":"","protected":false},"author":2,"featured_media":0,"parent":0,"menu_order":0,"comment_status":"closed","ping_status":"closed","template":"","meta":{"footnotes":""},"wf_page_folders":[],"class_list":["post-91181","page","type-page","status-publish","hentry"],"_links":{"self":[{"href":"https:\/\/www.dutchromaniannetwork.nl\/ro\/wp-json\/wp\/v2\/pages\/91181","targetHints":{"allow":["GET"]}}],"collection":[{"href":"https:\/\/www.dutchromaniannetwork.nl\/ro\/wp-json\/wp\/v2\/pages"}],"about":[{"href":"https:\/\/www.dutchromaniannetwork.nl\/ro\/wp-json\/wp\/v2\/types\/page"}],"author":[{"embeddable":true,"href":"https:\/\/www.dutchromaniannetwork.nl\/ro\/wp-json\/wp\/v2\/users\/2"}],"replies":[{"embeddable":true,"href":"https:\/\/www.dutchromaniannetwork.nl\/ro\/wp-json\/wp\/v2\/comments?post=91181"}],"version-history":[{"count":6,"href":"https:\/\/www.dutchromaniannetwork.nl\/ro\/wp-json\/wp\/v2\/pages\/91181\/revisions"}],"predecessor-version":[{"id":91193,"href":"https:\/\/www.dutchromaniannetwork.nl\/ro\/wp-json\/wp\/v2\/pages\/91181\/revisions\/91193"}],"wp:attachment":[{"href":"https:\/\/www.dutchromaniannetwork.nl\/ro\/wp-json\/wp\/v2\/media?parent=91181"}],"wp:term":[{"taxonomy":"wf_page_folders","embeddable":true,"href":"https:\/\/www.dutchromaniannetwork.nl\/ro\/wp-json\/wp\/v2\/wf_page_folders?post=91181"}],"curies":[{"name":"wp","href":"https:\/\/api.w.org\/{rel}","templated":true}]}}