{"id":91507,"date":"2025-06-04T08:43:38","date_gmt":"2025-06-04T07:43:38","guid":{"rendered":"https:\/\/www.dutchromaniannetwork.nl\/leden-2\/klg-europe-b-v\/"},"modified":"2025-06-04T08:43:38","modified_gmt":"2025-06-04T07:43:38","slug":"klg-europe-b-v","status":"publish","type":"page","link":"https:\/\/www.dutchromaniannetwork.nl\/ro\/leden-2\/klg-europe-b-v\/","title":{"rendered":"KLG Europe B.V."},"content":{"rendered":"<p><div class=\"fusion-fullwidth fullwidth-box fusion-builder-row-1 hundred-percent-fullwidth non-hundred-percent-height-scrolling\" style=\"--awb-border-radius-top-left:0px;--awb-border-radius-top-right:0px;--awb-border-radius-bottom-right:0px;--awb-border-radius-bottom-left:0px;--awb-overflow:visible;\" ><div class=\"fusion-builder-row fusion-row\"><div class=\"fusion-layout-column fusion_builder_column fusion-builder-column-0 fusion_builder_column_1_1 1_1 fusion-one-full fusion-column-first fusion-column-last fusion-column-no-min-height\" style=\"--awb-bg-size:cover;--awb-margin-bottom:0px;\"><div class=\"fusion-column-wrapper fusion-flex-column-wrapper-legacy\"><div class=\"fusion-title title fusion-title-1 fusion-title-text fusion-title-size-one\"><h1 class=\"title-heading-left\" style=\"margin:0;\"><span style=\"color: #000080;\"><em><strong>KLG Europe B.V.<\/strong><\/em><\/span><\/h1><span class=\"awb-title-spacer\"><\/span><div class=\"title-sep-container\"><div class=\"title-sep sep-double sep-solid\" style=\"border-color:#e0dede;\"><\/div><\/div><\/div><div class=\"fusion-text fusion-text-1\"><p style=\"text-align: center;\"><img decoding=\"async\" class=\"aligncenter wp-image-36211\" src=\"https:\/\/www.dutchromaniannetwork.nl\/wp-content\/uploads\/2023\/01\/IMG_79661-450x300.jpg\" alt=\"\" width=\"1050\" height=\"700\" srcset=\"https:\/\/www.dutchromaniannetwork.nl\/wp-content\/uploads\/2023\/01\/IMG_79661-200x133.jpg 200w, https:\/\/www.dutchromaniannetwork.nl\/wp-content\/uploads\/2023\/01\/IMG_79661-225x150.jpg 225w, https:\/\/www.dutchromaniannetwork.nl\/wp-content\/uploads\/2023\/01\/IMG_79661-400x267.jpg 400w, https:\/\/www.dutchromaniannetwork.nl\/wp-content\/uploads\/2023\/01\/IMG_79661-450x300.jpg 450w, https:\/\/www.dutchromaniannetwork.nl\/wp-content\/uploads\/2023\/01\/IMG_79661-600x400.jpg 600w, https:\/\/www.dutchromaniannetwork.nl\/wp-content\/uploads\/2023\/01\/IMG_79661.jpg 750w\" sizes=\"(max-width: 1050px) 100vw, 1050px\" \/><\/p>\n<\/div><div class=\"fusion-clearfix\"><\/div><\/div><\/div><div class=\"fusion-layout-column fusion_builder_column fusion-builder-column-1 fusion_builder_column_2_3 2_3 fusion-two-third fusion-column-first\" style=\"--awb-bg-size:cover;width:65.3333%; margin-right: 4%;\"><div class=\"fusion-column-wrapper fusion-flex-column-wrapper-legacy\"><div class=\"fusion-sep-clear\"><\/div><div class=\"fusion-separator fusion-full-width-sep\" style=\"margin-left: auto;margin-right: auto;margin-top:10PX;margin-bottom:30PX;width:100%;\"><div class=\"fusion-separator-border sep-shadow\" style=\"--awb-height:20px;--awb-amount:20px;background:radial-gradient(ellipse at 50% -50% , #e0dede 0px, rgba(255, 255, 255, 0) 80%) repeat scroll 0 0 rgba(0, 0, 0, 0);background:-webkit-radial-gradient(ellipse at 50% -50% , #e0dede 0px, rgba(255, 255, 255, 0) 80%) repeat scroll 0 0 rgba(0, 0, 0, 0);background:-moz-radial-gradient(ellipse at 50% -50% , #e0dede 0px, rgba(255, 255, 255, 0) 80%) repeat scroll 0 0 rgba(0, 0, 0, 0);background:-o-radial-gradient(ellipse at 50% -50% , #e0dede 0px, rgba(255, 255, 255, 0) 80%) repeat scroll 0 0 rgba(0, 0, 0, 0);\"><\/div><\/div><div class=\"fusion-sep-clear\"><\/div><div class=\"fusion-text fusion-text-2\"><p style=\"text-align: center;\"><img decoding=\"async\" class=\"alignnone wp-image-91273 \" src=\"https:\/\/www.dutchromaniannetwork.nl\/wp-content\/uploads\/2025\/05\/KLG-Europe-1024x423-1-726x300.png\" alt=\"\" width=\"399\" height=\"165\" srcset=\"https:\/\/www.dutchromaniannetwork.nl\/wp-content\/uploads\/2025\/05\/KLG-Europe-1024x423-1-200x83.png 200w, https:\/\/www.dutchromaniannetwork.nl\/wp-content\/uploads\/2025\/05\/KLG-Europe-1024x423-1-363x150.png 363w, https:\/\/www.dutchromaniannetwork.nl\/wp-content\/uploads\/2025\/05\/KLG-Europe-1024x423-1-400x165.png 400w, https:\/\/www.dutchromaniannetwork.nl\/wp-content\/uploads\/2025\/05\/KLG-Europe-1024x423-1-600x248.png 600w, https:\/\/www.dutchromaniannetwork.nl\/wp-content\/uploads\/2025\/05\/KLG-Europe-1024x423-1-726x300.png 726w, https:\/\/www.dutchromaniannetwork.nl\/wp-content\/uploads\/2025\/05\/KLG-Europe-1024x423-1-800x330.png 800w, https:\/\/www.dutchromaniannetwork.nl\/wp-content\/uploads\/2025\/05\/KLG-Europe-1024x423-1.png 1024w\" sizes=\"(max-width: 399px) 100vw, 399px\" \/><\/p>\n<\/div><div class=\"fusion-text fusion-text-3\"><blockquote>\n<p><em>KLG este un furnizor global de servicii logistice fondat \u00een 1918 \u0219i, cu 17 birouri \u00een 3 \u021b\u0103ri \u0219i o re\u021bea de parteneri de \u00eencredere bine \u00eenchegat\u0103, este \u00eentotdeauna aproape de dumneavoastr\u0103.  <\/em><em>De la transportul rutier, maritim, aerian \u0219i feroviar p\u00e2n\u0103 la v\u0103muire \u0219i servicii cu valoare ad\u0103ugat\u0103 \u00een depozitele noastre moderne; KLG ofer\u0103 \u00eentotdeauna o solu\u021bie logistic\u0103 adecvat\u0103.<\/em><\/p>\n<\/blockquote>\n<\/div><div class=\"fusion-clearfix\"><\/div><\/div><\/div><div class=\"fusion-layout-column fusion_builder_column fusion-builder-column-2 fusion_builder_column_1_3 1_3 fusion-one-third fusion-column-last\" style=\"--awb-bg-size:cover;width:30.6666%;\"><div class=\"fusion-column-wrapper fusion-flex-column-wrapper-legacy\"><div class=\"fusion-title title fusion-title-2 fusion-title-text fusion-title-size-two\"><h2 class=\"title-heading-left\" style=\"margin:0;\"><span style=\"color: #000080;\">Date de contact<\/span><\/h2><span class=\"awb-title-spacer\"><\/span><div class=\"title-sep-container\"><div class=\"title-sep sep-single sep-solid\" style=\"border-color:#e0dede;\"><\/div><\/div><\/div><div class=\"fusion-text fusion-text-4\"><p><strong>KLG Europe B.V.<\/strong><br \/>\nPO Box 3058,<br \/>\n5902RB Venlo<\/p>\n<p><strong>Contact:<br \/>\n<\/strong>Dl Joris van Gerven<br \/>\nTel. 0497 584 491<\/p>\n<p>E-mail: <a href=\"mailto:j.vangerven@eersel.klgeurope.com\">j.vangerven@eersel.klgeurope.com<\/a><br \/>\nWebsite: <a href=\"https:\/\/www.klgeurope.com\" target=\"_blank\" rel=\"noopener\">https:\/\/www.klgeurope.com<\/a><\/p>\n<\/div><div class=\"fusion-sep-clear\"><\/div><div class=\"fusion-separator fusion-full-width-sep\" style=\"margin-left: auto;margin-right: auto;margin-top:20px;margin-bottom:20px;width:100%;\"><div class=\"fusion-separator-border sep-single sep-solid\" style=\"--awb-height:20px;--awb-amount:20px;border-color:#e0dede;border-top-width:1px;\"><\/div><\/div><div class=\"fusion-sep-clear\"><\/div><div class=\"fusion-clearfix\"><\/div><\/div><\/div><div class=\"fusion-layout-column fusion_builder_column fusion-builder-column-3 fusion_builder_column_1_1 1_1 fusion-one-full fusion-column-first fusion-column-last fusion-column-no-min-height\" style=\"--awb-bg-size:cover;--awb-margin-bottom:0px;\"><div class=\"fusion-column-wrapper fusion-flex-column-wrapper-legacy\"><div class=\"fusion-text fusion-text-5\"><p>KLG Europe Logistics SRL are nou\u0103 hub-uri amplasate strategic \u00een cele mai mari ora\u0219e ale \u021b\u0103rii. Prin intermediul re\u021belei noastre, facem posibil\u0103 livrarea \u00een doar 24-48 de ore \u00een toat\u0103 Rom\u00e2nia. Chiar \u0219i \u00een zonele greu accesibile, ne cunoa\u0219tem drumul \u0219i ne oferim serviciile.<\/p>\n<\/div><div class=\"fusion-clearfix\"><\/div><\/div><\/div><div class=\"fusion-layout-column fusion_builder_column fusion-builder-column-4 fusion_builder_column_2_3 2_3 fusion-two-third fusion-column-first fusion-column-no-min-height\" style=\"--awb-bg-size:cover;--awb-margin-bottom:0px;width:65.3333%; margin-right: 4%;\"><div class=\"fusion-column-wrapper fusion-flex-column-wrapper-legacy\"><div class=\"fusion-text fusion-text-6\"><p>De asemenea, KLG are plec\u0103ri zilnice \u00eentre Olanda \u0219i Rom\u00e2nia. KLG dispune de peste 56.000 m2 de spa\u021bii de depozitare \u00een Rom\u00e2nia, cu tehnologii moderne \u0219i o gam\u0103 foarte larg\u0103 de solu\u021bii logistice. <\/p>\n<p>De exemplu, KLG a lansat \u201eSimplify\u201d &#8211; un serviciu care permite \u00eentreprinderilor online s\u0103 \u00ee\u0219i aduc\u0103 procesele logistice \u0219i de transport la un singur furnizor. De exemplu, KLG se ocup\u0103 de transport, depozitare, ambalarea produselor, logistica de returnare, precum \u0219i de flexibilitate prin integrarea \u0219i optimizarea serviciilor de curierat existente. <\/p>\n<p>Un alt exemplu este STRONGO. Acest serviciu na\u021bional de curierat se concentreaz\u0103 pe livrarea de produse supradimensionate (electrocasnice mari, mobilier, obiecte sanitare, materiale de construc\u021bii etc.) c\u0103tre utilizatorii finali.<\/p>\n<\/div><div class=\"fusion-clearfix\"><\/div><\/div><\/div><div class=\"fusion-layout-column fusion_builder_column fusion-builder-column-5 fusion_builder_column_1_3 1_3 fusion-one-third fusion-column-last fusion-column-no-min-height\" style=\"--awb-bg-size:cover;--awb-margin-bottom:0px;width:30.6666%;\"><div class=\"fusion-column-wrapper fusion-flex-column-wrapper-legacy\"><div class=\"fusion-text fusion-text-7\"><p><img decoding=\"async\" class=\"alignnone wp-image-36203 size-medium\" src=\"https:\/\/www.dutchromaniannetwork.nl\/wp-content\/uploads\/2023\/01\/322118765_1291690948296246_4017203178680896964_n-573x300.jpg\" alt=\"\" width=\"573\" height=\"300\" srcset=\"https:\/\/www.dutchromaniannetwork.nl\/wp-content\/uploads\/2023\/01\/322118765_1291690948296246_4017203178680896964_n-200x105.jpg 200w, https:\/\/www.dutchromaniannetwork.nl\/wp-content\/uploads\/2023\/01\/322118765_1291690948296246_4017203178680896964_n-286x150.jpg 286w, https:\/\/www.dutchromaniannetwork.nl\/wp-content\/uploads\/2023\/01\/322118765_1291690948296246_4017203178680896964_n-400x210.jpg 400w, https:\/\/www.dutchromaniannetwork.nl\/wp-content\/uploads\/2023\/01\/322118765_1291690948296246_4017203178680896964_n-573x300.jpg 573w, https:\/\/www.dutchromaniannetwork.nl\/wp-content\/uploads\/2023\/01\/322118765_1291690948296246_4017203178680896964_n-600x314.jpg 600w, https:\/\/www.dutchromaniannetwork.nl\/wp-content\/uploads\/2023\/01\/322118765_1291690948296246_4017203178680896964_n.jpg 750w\" sizes=\"(max-width: 573px) 100vw, 573px\" \/><\/p>\n<\/div><div class=\"fusion-sep-clear\"><\/div><div class=\"fusion-separator fusion-full-width-sep\" style=\"margin-left: auto;margin-right: auto;margin-top:20px;margin-bottom:15px;width:100%;\"><div class=\"fusion-separator-border sep-single sep-solid\" style=\"--awb-height:20px;--awb-amount:20px;border-color:#e0dede;border-top-width:1px;\"><\/div><\/div><div class=\"fusion-sep-clear\"><\/div><div class=\"fusion-clearfix\"><\/div><\/div><\/div><\/div><\/div><div class=\"fusion-fullwidth fullwidth-box fusion-builder-row-2 fusion-flex-container nonhundred-percent-fullwidth non-hundred-percent-height-scrolling\" style=\"--awb-border-radius-top-left:0px;--awb-border-radius-top-right:0px;--awb-border-radius-bottom-right:0px;--awb-border-radius-bottom-left:0px;\" ><div class=\"fusion-builder-row fusion-row fusion-flex-align-items-flex-start\" style=\"max-width:1414.4px;margin-left: calc(-4% \/ 2 );margin-right: calc(-4% \/ 2 );\"><div class=\"fusion-layout-column fusion_builder_column fusion-builder-column-6 fusion_builder_column_1_1 1_1 fusion-flex-column\" style=\"--awb-bg-size:cover;--awb-width-large:100%;--awb-margin-top-large:0px;--awb-spacing-right-large:1.92%;--awb-margin-bottom-large:20px;--awb-spacing-left-large:1.92%;--awb-width-medium:100%;--awb-order-medium:0;--awb-spacing-right-medium:1.92%;--awb-spacing-left-medium:1.92%;--awb-width-small:100%;--awb-order-small:0;--awb-spacing-right-small:1.92%;--awb-spacing-left-small:1.92%;\"><div class=\"fusion-column-wrapper fusion-column-has-shadow fusion-flex-justify-content-flex-start fusion-content-layout-column\"><div class=\"fusion-separator fusion-full-width-sep\" style=\"align-self: center;margin-left: auto;margin-right: auto;margin-bottom:45px;width:100%;\"><div class=\"fusion-separator-border sep-shadow\" style=\"--awb-height:20px;--awb-amount:20px;background:radial-gradient(ellipse at 50% -50% , #e0dede 0px, rgba(255, 255, 255, 0) 80%) repeat scroll 0 0 rgba(0, 0, 0, 0);background:-webkit-radial-gradient(ellipse at 50% -50% , #e0dede 0px, rgba(255, 255, 255, 0) 80%) repeat scroll 0 0 rgba(0, 0, 0, 0);background:-moz-radial-gradient(ellipse at 50% -50% , #e0dede 0px, rgba(255, 255, 255, 0) 80%) repeat scroll 0 0 rgba(0, 0, 0, 0);background:-o-radial-gradient(ellipse at 50% -50% , #e0dede 0px, rgba(255, 255, 255, 0) 80%) repeat scroll 0 0 rgba(0, 0, 0, 0);\"><\/div><\/div><div class=\"fusion-text fusion-text-8\"><p><img decoding=\"async\" class=\"aligncenter wp-image-30056 size-full\" src=\"https:\/\/www.dutchromaniannetwork.nl\/wp-content\/uploads\/2021\/03\/KLG-EUROPE-3.jpg\" alt=\"\" width=\"773\" height=\"320\" srcset=\"https:\/\/www.dutchromaniannetwork.nl\/wp-content\/uploads\/2021\/03\/KLG-EUROPE-3-200x83.jpg 200w, https:\/\/www.dutchromaniannetwork.nl\/wp-content\/uploads\/2021\/03\/KLG-EUROPE-3-362x150.jpg 362w, https:\/\/www.dutchromaniannetwork.nl\/wp-content\/uploads\/2021\/03\/KLG-EUROPE-3-400x166.jpg 400w, https:\/\/www.dutchromaniannetwork.nl\/wp-content\/uploads\/2021\/03\/KLG-EUROPE-3-600x248.jpg 600w, https:\/\/www.dutchromaniannetwork.nl\/wp-content\/uploads\/2021\/03\/KLG-EUROPE-3-725x300.jpg 725w, https:\/\/www.dutchromaniannetwork.nl\/wp-content\/uploads\/2021\/03\/KLG-EUROPE-3.jpg 773w\" sizes=\"(max-width: 773px) 100vw, 773px\" \/><\/p>\n<\/div><div class=\"fusion-text fusion-text-9\"><p><img decoding=\"async\" class=\"aligncenter wp-image-36207 size-full\" src=\"https:\/\/www.dutchromaniannetwork.nl\/wp-content\/uploads\/2023\/01\/IMG_7615-2bew2.jpg\" alt=\"\" width=\"750\" height=\"500\" srcset=\"https:\/\/www.dutchromaniannetwork.nl\/wp-content\/uploads\/2023\/01\/IMG_7615-2bew2-200x133.jpg 200w, https:\/\/www.dutchromaniannetwork.nl\/wp-content\/uploads\/2023\/01\/IMG_7615-2bew2-225x150.jpg 225w, https:\/\/www.dutchromaniannetwork.nl\/wp-content\/uploads\/2023\/01\/IMG_7615-2bew2-400x267.jpg 400w, https:\/\/www.dutchromaniannetwork.nl\/wp-content\/uploads\/2023\/01\/IMG_7615-2bew2-450x300.jpg 450w, https:\/\/www.dutchromaniannetwork.nl\/wp-content\/uploads\/2023\/01\/IMG_7615-2bew2-600x400.jpg 600w, https:\/\/www.dutchromaniannetwork.nl\/wp-content\/uploads\/2023\/01\/IMG_7615-2bew2.jpg 750w\" sizes=\"(max-width: 750px) 100vw, 750px\" \/><\/p>\n<\/div><\/div><\/div><\/div><\/div><div class=\"fusion-fullwidth fullwidth-box fusion-builder-row-3 fusion-flex-container nonhundred-percent-fullwidth non-hundred-percent-height-scrolling\" style=\"--awb-border-radius-top-left:0px;--awb-border-radius-top-right:0px;--awb-border-radius-bottom-right:0px;--awb-border-radius-bottom-left:0px;\" ><div class=\"fusion-builder-row fusion-row fusion-flex-align-items-flex-start\" style=\"max-width:1414.4px;margin-left: calc(-4% \/ 2 );margin-right: calc(-4% \/ 2 );\"><div class=\"fusion-layout-column fusion_builder_column fusion-builder-column-7 fusion_builder_column_1_1 1_1 fusion-flex-column\" style=\"--awb-bg-size:cover;--awb-width-large:100%;--awb-margin-top-large:0px;--awb-spacing-right-large:1.92%;--awb-margin-bottom-large:20px;--awb-spacing-left-large:1.92%;--awb-width-medium:100%;--awb-order-medium:0;--awb-spacing-right-medium:1.92%;--awb-spacing-left-medium:1.92%;--awb-width-small:100%;--awb-order-small:0;--awb-spacing-right-small:1.92%;--awb-spacing-left-small:1.92%;\"><div class=\"fusion-column-wrapper fusion-column-has-shadow fusion-flex-justify-content-flex-start fusion-content-layout-column\"><div class=\"fusion-text fusion-text-10\"><p style=\"text-align: center;\"><iframe src=\"https:\/\/www.youtube.com\/embed\/uLV-RuMBbs0\" width=\"560\" height=\"315\" frameborder=\"0\" allowfullscreen=\"allowfullscreen\"><\/iframe><\/p>\n<\/div><\/div><\/div><\/div><\/div><\/p>\n","protected":false},"excerpt":{"rendered":"","protected":false},"author":2,"featured_media":0,"parent":12035,"menu_order":0,"comment_status":"closed","ping_status":"closed","template":"","meta":{"footnotes":""},"wf_page_folders":[2099],"class_list":["post-91507","page","type-page","status-publish","hentry"],"_links":{"self":[{"href":"https:\/\/www.dutchromaniannetwork.nl\/ro\/wp-json\/wp\/v2\/pages\/91507","targetHints":{"allow":["GET"]}}],"collection":[{"href":"https:\/\/www.dutchromaniannetwork.nl\/ro\/wp-json\/wp\/v2\/pages"}],"about":[{"href":"https:\/\/www.dutchromaniannetwork.nl\/ro\/wp-json\/wp\/v2\/types\/page"}],"author":[{"embeddable":true,"href":"https:\/\/www.dutchromaniannetwork.nl\/ro\/wp-json\/wp\/v2\/users\/2"}],"replies":[{"embeddable":true,"href":"https:\/\/www.dutchromaniannetwork.nl\/ro\/wp-json\/wp\/v2\/comments?post=91507"}],"version-history":[{"count":2,"href":"https:\/\/www.dutchromaniannetwork.nl\/ro\/wp-json\/wp\/v2\/pages\/91507\/revisions"}],"predecessor-version":[{"id":91509,"href":"https:\/\/www.dutchromaniannetwork.nl\/ro\/wp-json\/wp\/v2\/pages\/91507\/revisions\/91509"}],"up":[{"embeddable":true,"href":"https:\/\/www.dutchromaniannetwork.nl\/ro\/wp-json\/wp\/v2\/pages\/12035"}],"wp:attachment":[{"href":"https:\/\/www.dutchromaniannetwork.nl\/ro\/wp-json\/wp\/v2\/media?parent=91507"}],"wp:term":[{"taxonomy":"wf_page_folders","embeddable":true,"href":"https:\/\/www.dutchromaniannetwork.nl\/ro\/wp-json\/wp\/v2\/wf_page_folders?post=91507"}],"curies":[{"name":"wp","href":"https:\/\/api.w.org\/{rel}","templated":true}]}}