{"id":93879,"date":"2025-12-09T16:58:09","date_gmt":"2025-12-09T15:58:09","guid":{"rendered":"https:\/\/www.dutchromaniannetwork.nl\/tarile-de-jos-de-la-tara-consensului-la-tara-conflictului\/"},"modified":"2025-12-09T16:58:11","modified_gmt":"2025-12-09T15:58:11","slug":"tarile-de-jos-de-la-tara-consensului-la-tara-conflictului","status":"publish","type":"page","link":"https:\/\/www.dutchromaniannetwork.nl\/ro\/tarile-de-jos-de-la-tara-consensului-la-tara-conflictului\/","title":{"rendered":"\u021a\u0103rile de Jos, de la \u021bara consensului la \u021bara conflictului"},"content":{"rendered":"<div class=\"fusion-fullwidth fullwidth-box fusion-builder-row-1 fusion-flex-container has-pattern-background has-mask-background nonhundred-percent-fullwidth non-hundred-percent-height-scrolling\" style=\"--awb-border-radius-top-left:0px;--awb-border-radius-top-right:0px;--awb-border-radius-bottom-right:0px;--awb-border-radius-bottom-left:0px;\" ><div class=\"fusion-builder-row fusion-row fusion-flex-align-items-flex-start\" style=\"max-width:1414.4px;margin-left: calc(-4% \/ 2 );margin-right: calc(-4% \/ 2 );\"><div class=\"fusion-layout-column fusion_builder_column fusion-builder-column-0 fusion_builder_column_1_1 1_1 fusion-flex-column\" style=\"--awb-bg-size:cover;--awb-width-large:100%;--awb-margin-top-large:0px;--awb-spacing-right-large:1.92%;--awb-margin-bottom-large:20px;--awb-spacing-left-large:1.92%;--awb-width-medium:100%;--awb-order-medium:0;--awb-spacing-right-medium:1.92%;--awb-spacing-left-medium:1.92%;--awb-width-small:100%;--awb-order-small:0;--awb-spacing-right-small:1.92%;--awb-spacing-left-small:1.92%;\"><div class=\"fusion-column-wrapper fusion-column-has-shadow fusion-flex-justify-content-flex-start fusion-content-layout-column\"><div class=\"fusion-text fusion-text-1\"><p style=\"text-align: center\"><span style=\"font-size: 18pt\"><strong>\u021a\u0103rile de Jos, de la \u021bara consensului la \u021bara conflictului<\/strong><\/span><\/p>\n<p>Ingrid Thijssen<\/p>\n<p>Wamca face din \u021a\u0103rile de Jos un paradis pentru ac\u021biunile colective, scrie Ingrid Thijssen (VNO-NCW). Acest lucru este inutil, deoarece se datoreaz\u0103 celor trei dispozi\u021bii na\u021bionale pe care le-am pus peste directiva european\u0103. <\/p>\n<p>Recent a fost publicat\u0103 o evaluare a Legii privind solu\u021bionarea cererilor colective de desp\u0103gubire (Wamca). O deficien\u021b\u0103 a acestei evalu\u0103ri a fost c\u0103 nu a analizat efectele sociale \u0219i economice mai ample. Cu toate c\u0103 acesta este exact domeniul \u00een care impactul Wamca este cel mai mare.  <\/p>\n<p>Elaborarea olandez\u0103 a directivei europene a avut trei titluri na\u021bionale &#8211; o legisla\u021bie mai strict\u0103 dec\u00e2t era necesar. Ca urmare, \u021bara noastr\u0103 s-a transformat \u00eentr-un paradis al litigiilor &#8211; cu consecin\u021be grave pentru climatul nostru investi\u021bional. <\/p>\n<p><strong>Modelul de consultare Renania<\/strong><\/p>\n<p>\u021a\u0103rile de Jos au avut \u00een mod tradi\u021bional o cultur\u0103 de guvernare renan\u0103. Nu exist\u0103 formalism juridic rigid, ci consult\u0103ri \u0219i c\u0103utarea consensului \u00eentre guvern, \u00eentreprinderi \u0219i organiza\u021biile societ\u0103\u021bii civile. Aceast\u0103 abordare ne-a adus multe. Dreptul olandez (al societ\u0103\u021bilor comerciale) este flexibil \u0219i orientat spre practic\u0103, \u00een parte datorit\u0103 acestui fapt: normele nu sunt \u00eenghesuite p\u00e2n\u0103 la ultimul detaliu, ci sunt adaptate la realitate.   <\/p>\n<p>\u00cen loc s\u0103 mearg\u0103 direct \u00een instan\u021b\u0103, p\u0103r\u021bile \u0219i-au rezolvat litigiile \u00eentre ele. Modelul nostru renan a creat astfel stabilitate, predictibilitate \u0219i spa\u021biu pentru personalizare. Aceast\u0103 abordare a fost un motiv important pentru care multe companii au ales \u00een special \u021a\u0103rile de Jos pentru a investi.  <\/p>\n<p>Din p\u0103cate, \u00een ultimii ani, am asistat la ascensiunea <strong>modelului anglo-saxon de conflict.<\/strong><br \/>\n\u00cen timp ce modelul renan pune accentul pe \u00eencredere \u0219i cooperare, modelul anglo-saxon pune accentul pe juridificare \u0219i aplicarea drepturilor. Instan\u021bele trebuie s\u0103 rezolve conflictul. <\/p>\n<p>Unul dintre principalele motoare ale acestei evolu\u021bii este Wamca. O sut\u0103 de cazuri colective sunt \u00een prezent \u00een curs de desf\u0103\u0219urare \u00een \u021a\u0103rile de Jos, cu desp\u0103gubiri totale solicitate de 88 de miliarde de euro. Aceasta reprezint\u0103 aproximativ 30% din toate cazurile colective din Uniunea European\u0103.  <\/p>\n<p><strong>Trei op\u021biuni na\u021bionale<\/strong><\/p>\n<p>Scopul Wamca este bun: s\u0103 ajute p\u0103r\u021bile v\u0103t\u0103mate prin cereri colective de desp\u0103gubire, astfel \u00eenc\u00e2t acestea s\u0103 poat\u0103 ob\u021bine desp\u0103gubiri mai u\u0219or. De asemenea, permite societ\u0103\u021bii vizate s\u0103 gestioneze eficient o cerere justificat\u0103. Dar, \u00een elaborarea directivei europene, \u021a\u0103rile de Jos au ad\u0103ugat trei dispozi\u021bii na\u021bionale importante.  <\/p>\n<p>\u00cen primul r\u00e2nd, cine poate introduce o ac\u021biune colectiv\u0103. \u00cen majoritatea \u021b\u0103rilor UE, numai organiza\u021biile de consumatori (certificate) pot depune o cerere. \u00cen \u021a\u0103rile de Jos, aproape oricine poate ini\u021bia o ac\u021biune colectiv\u0103 prin intermediul unei funda\u021bii. Cerin\u021bele privind reprezentativitatea \u0219i legitimitatea democratic\u0103 a unei astfel de funda\u021bii sunt, prin urmare, minime: dac\u0103 ave\u021bi vreo circumscrip\u021bie, pute\u021bi ini\u021bia o ac\u021biune colectiv\u0103.   <\/p>\n<p>\u00cen al doilea r\u00e2nd, ce sanc\u021biune poate impune instan\u021ba. Pe l\u00e2ng\u0103 desp\u0103gubiri, aceasta poate fi o soma\u021bie colectiv\u0103 sau o interdic\u021bie pentru o \u00eentreprindere de a face sau de a nu face ceva. \u00cen majoritatea \u021b\u0103rilor europene, acest lucru este posibil doar \u00een domeniul dreptului consumatorilor &#8211; g\u00e2ndi\u021bi-v\u0103 la o obliga\u021bie de a modifica termenii \u0219i condi\u021biile generale. \u00cen \u021a\u0103rile de Jos, este vorba de o posibil\u0103 soma\u021bie sau interdic\u021bie \u00een toate domeniile dreptului. Toate tipurile de p\u0103r\u021bi, cu o reprezentativitate minim\u0103, pot \u00eencerca astfel s\u0103 for\u021beze interven\u021bii \u00een opera\u021biunile comerciale.    <\/p>\n<p>&#8222;\u021a\u0103rile de Jos nu au nicio limit\u0103 \u00een ceea ce prive\u0219te desp\u0103gubirile pe care o parte comercial\u0103 le prime\u0219te \u00een cadrul unei cereri colective<\/p>\n<p>\u00cen al treilea r\u00e2nd, legisla\u021bia olandez\u0103 are un &#8222;motor exterior&#8221; pentru introducerea de ac\u021biuni \u00een justi\u021bie. Spre deosebire de alte \u021b\u0103ri din UE, \u021a\u0103rile de Jos nu au nicio limit\u0103 privind compensa\u021bia pe care o prime\u0219te o parte comercial\u0103 atunci c\u00e2nd organizeaz\u0103 o ac\u021biune \u00een mas\u0103 \u0219i are succes. Astfel, Wamca este folosit\u0103 din ce \u00een ce mai mult de p\u0103r\u021bile comerciale care poart\u0103 litigii ca model de venit. Firmele de avocatur\u0103 din SUA au v\u0103zut \u00een \u021a\u0103rile de Jos o \u021bar\u0103 profitabil\u0103 pentru litigii de la apari\u021bia Wamca.   <\/p>\n<p>Ac\u021biunile colective sunt aproape \u00eentotdeauna finan\u021bate de finan\u021batori de litigii sau de organiza\u021bii specializate \u00een desp\u0103gubiri. Ace\u0219ti finan\u021batori percep \u00eentre 20% \u0219i 25% \u00een cazul unui rezultat pozitiv &#8211; de exemplu, o \u00een\u021belegere sau o desp\u0103gubire.<br \/>\n\u00cen Germania, acesta este de maximum 10%.<\/p>\n<p>Acest lucru \u00eenseamn\u0103 c\u0103 \u00eentreprinderile din \u021a\u0103rile de Jos se confrunt\u0103 cu un risc mai mare de procese \u00eempotriva activit\u0103\u021bii lor.<\/p>\n<p><strong>VNO-NCW prime\u0219te semnale c\u0103 Wamca este un motiv pentru care companiile evit\u0103 &#8211; sau p\u0103r\u0103sesc &#8211; \u021bara noastr\u0103.<\/strong><\/p>\n<p><strong>Impactul asupra climatului de afaceri<\/strong><\/p>\n<p>Wamca a transformat \u021a\u0103rile de Jos \u00eentr-un paradis pentru procesele \u00eempotriva companiilor. Acest lucru are implica\u021bii serioase pentru climatul de afaceri \u0219i pentru puterea noastr\u0103 de c\u00e2\u0219tig, care este deja sub presiune. <\/p>\n<p>Este timpul pentru o reg\u00e2ndire ampl\u0103. Aceasta nu \u00eenseamn\u0103 revenirea la o situa\u021bie f\u0103r\u0103 oportunit\u0103\u021bi de protec\u021bie juridic\u0103 colectiv\u0103. Aceasta este \u0219i r\u0103m\u00e2ne foarte important\u0103. Dar trebuie s\u0103 analiz\u0103m serios impactul.   <\/p>\n<p>O evaluare mai ampl\u0103 a Wamca &#8211; inclusiv a efectelor sociale \u0219i economice (costuri) &#8211; este necesar\u0103 de urgen\u021b\u0103. Pentru a testa dac\u0103 legea \u00ee\u0219i \u00eendepline\u0219te obiectivul de a fi un &#8222;baston&#8221; pentru persoanele prejudiciate \u0219i pentru a preveni alunecarea \u021a\u0103rilor de Jos de la o \u021bar\u0103 de consens la o \u021bar\u0103 de conflict. <\/p>\n<p>Conflictele \u0219i litigiile nu sunt niciodat\u0103 gratuite. Nici pentru companii, nici pentru societate \u0219i nici pentru competitivitatea olandez\u0103. Suntem cunoscu\u021bi pentru economia noastr\u0103 deschis\u0103, institu\u021biile fiabile \u0219i cultura juridic\u0103 pragmatic\u0103. S\u0103 p\u0103str\u0103m aceste valori, \u00een special \u00een vremuri de \u00eent\u0103rire \u0219i juridificare. Prin urmare, cartografiem pe deplin costurile modelului de conflict (comercial) al Wamca.    <\/p>\n<p><strong>Despre acest articol de opinie<\/strong><\/p>\n<p>Ingrid Thijssen este pre\u0219edintele organiza\u021biei patronale VNO-NCW.<\/p>\n<\/div><\/div><\/div><\/div><\/div>\n","protected":false},"excerpt":{"rendered":"","protected":false},"author":4,"featured_media":0,"parent":0,"menu_order":0,"comment_status":"closed","ping_status":"closed","template":"","meta":{"footnotes":""},"wf_page_folders":[],"class_list":["post-93879","page","type-page","status-publish","hentry"],"_links":{"self":[{"href":"https:\/\/www.dutchromaniannetwork.nl\/ro\/wp-json\/wp\/v2\/pages\/93879","targetHints":{"allow":["GET"]}}],"collection":[{"href":"https:\/\/www.dutchromaniannetwork.nl\/ro\/wp-json\/wp\/v2\/pages"}],"about":[{"href":"https:\/\/www.dutchromaniannetwork.nl\/ro\/wp-json\/wp\/v2\/types\/page"}],"author":[{"embeddable":true,"href":"https:\/\/www.dutchromaniannetwork.nl\/ro\/wp-json\/wp\/v2\/users\/4"}],"replies":[{"embeddable":true,"href":"https:\/\/www.dutchromaniannetwork.nl\/ro\/wp-json\/wp\/v2\/comments?post=93879"}],"version-history":[{"count":4,"href":"https:\/\/www.dutchromaniannetwork.nl\/ro\/wp-json\/wp\/v2\/pages\/93879\/revisions"}],"predecessor-version":[{"id":93883,"href":"https:\/\/www.dutchromaniannetwork.nl\/ro\/wp-json\/wp\/v2\/pages\/93879\/revisions\/93883"}],"wp:attachment":[{"href":"https:\/\/www.dutchromaniannetwork.nl\/ro\/wp-json\/wp\/v2\/media?parent=93879"}],"wp:term":[{"taxonomy":"wf_page_folders","embeddable":true,"href":"https:\/\/www.dutchromaniannetwork.nl\/ro\/wp-json\/wp\/v2\/wf_page_folders?post=93879"}],"curies":[{"name":"wp","href":"https:\/\/api.w.org\/{rel}","templated":true}]}}