{"id":95084,"date":"2026-03-17T10:39:15","date_gmt":"2026-03-17T09:39:15","guid":{"rendered":"https:\/\/www.dutchromaniannetwork.nl\/holaras-hoopman-machines-b-v\/"},"modified":"2026-03-17T10:39:17","modified_gmt":"2026-03-17T09:39:17","slug":"holaras-hoopman-machines-b-v","status":"publish","type":"page","link":"https:\/\/www.dutchromaniannetwork.nl\/ro\/holaras-hoopman-machines-b-v\/","title":{"rendered":"<b>Holaras-Hoopman Machines B.V.  <\/b>"},"content":{"rendered":"<p><div class=\"fusion-fullwidth fullwidth-box fusion-builder-row-1 hundred-percent-fullwidth non-hundred-percent-height-scrolling\" style=\"--awb-border-radius-top-left:0px;--awb-border-radius-top-right:0px;--awb-border-radius-bottom-right:0px;--awb-border-radius-bottom-left:0px;--awb-overflow:visible;\" ><div class=\"fusion-builder-row fusion-row\"><div class=\"fusion-layout-column fusion_builder_column fusion-builder-column-0 fusion_builder_column_1_1 1_1 fusion-one-full fusion-column-first fusion-column-last fusion-column-no-min-height\" style=\"--awb-bg-size:cover;--awb-margin-bottom:0px;\"><div class=\"fusion-column-wrapper fusion-flex-column-wrapper-legacy\"><div class=\"fusion-sep-clear\"><\/div><div class=\"fusion-separator fusion-full-width-sep\" style=\"margin-left: auto;margin-right: auto;margin-top:0px;margin-bottom:5px;width:100%;\"><\/div><div class=\"fusion-sep-clear\"><\/div><div class=\"fusion-title title fusion-title-1 fusion-title-text fusion-title-size-one\"><h1 class=\"title-heading-left\" style=\"margin:0;\"><strong>Holaras-Hoopman Machines B.V.<\/strong><\/h1><span class=\"awb-title-spacer\"><\/span><div class=\"title-sep-container\"><div class=\"title-sep sep-double sep-solid\" style=\"border-color:#e0dede;\"><\/div><\/div><\/div><div class=\"fusion-clearfix\"><\/div><\/div><\/div><div class=\"fusion-layout-column fusion_builder_column fusion-builder-column-1 fusion_builder_column_2_3 2_3 fusion-two-third fusion-column-first\" style=\"--awb-bg-size:cover;width:65.3333%; margin-right: 4%;\"><div class=\"fusion-column-wrapper fusion-flex-column-wrapper-legacy\"><div class=\"fusion-text fusion-text-1\"><p><img decoding=\"async\" class=\"alignnone size-medium wp-image-41907\" src=\"https:\/\/www.dutchromaniannetwork.nl\/wp-content\/uploads\/2024\/08\/Logo-Holaras-1-800x154.png\" alt=\"\" width=\"800\" height=\"154\" srcset=\"https:\/\/www.dutchromaniannetwork.nl\/wp-content\/uploads\/2024\/08\/Logo-Holaras-1-200x38.png 200w, https:\/\/www.dutchromaniannetwork.nl\/wp-content\/uploads\/2024\/08\/Logo-Holaras-1-400x77.png 400w, https:\/\/www.dutchromaniannetwork.nl\/wp-content\/uploads\/2024\/08\/Logo-Holaras-1-500x96.png 500w, https:\/\/www.dutchromaniannetwork.nl\/wp-content\/uploads\/2024\/08\/Logo-Holaras-1-600x115.png 600w, https:\/\/www.dutchromaniannetwork.nl\/wp-content\/uploads\/2024\/08\/Logo-Holaras-1-800x154.png 800w, https:\/\/www.dutchromaniannetwork.nl\/wp-content\/uploads\/2024\/08\/Logo-Holaras-1.png 1000w\" sizes=\"(max-width: 800px) 100vw, 800px\" \/><\/p>\n<p>A \u00eenceput ca fierar local \u00een satul Achterhoek din Aalten \u00een 1911.<br \/>\n\u0218i acum, mul\u021bi ani mai t\u00e2rziu, este un actor interna\u021bional \u00een sectoarele agricol-industrial, infra- \u0219i horticol.<br \/>\nO afacere de familie cu un obiectiv important: dezvoltarea de ma\u0219ini Hoopman \u0219i Holaras inovatoare \u0219i cu valoare ad\u0103ugat\u0103 pentru \u0219i \u00eempreun\u0103 cu clien\u021bii \u0219i partenerii s\u0103i.<\/p>\n<p>Ma\u0219inile pe care le produc sub marca Holaras sunt din domeniul \u00eensiloz\u0103rii, furajelor \u0219i t\u0103ierii, recolt\u0103rii \u0219i prelucr\u0103rii cepei \u0219i cur\u0103\u021b\u0103rii \u0219i m\u0103turatului. Aplica\u021biile sunt mult mai multe, dup\u0103 cum indic\u0103 aceste denumiri colective.<\/p>\n<\/div><div class=\"fusion-clearfix\"><\/div><\/div><\/div><div class=\"fusion-layout-column fusion_builder_column fusion-builder-column-2 fusion_builder_column_1_3 1_3 fusion-one-third fusion-column-last\" style=\"--awb-bg-size:cover;width:30.6666%;\"><div class=\"fusion-column-wrapper fusion-flex-column-wrapper-legacy\"><div class=\"fusion-title title fusion-title-2 fusion-title-text fusion-title-size-two\"><h2 class=\"title-heading-left\" style=\"margin:0;\"><strong>Date de contact<\/strong><\/h2><span class=\"awb-title-spacer\"><\/span><div class=\"title-sep-container\"><div class=\"title-sep sep-single sep-solid\" style=\"border-color:#e0dede;\"><\/div><\/div><\/div><div class=\"fusion-text fusion-text-2\"><p><strong>Holaras &#8211; Hoopman Machines B.V.<\/strong><br \/>\nDinxperloseweg 145,<br \/>\n7122 JP Aalten<\/p>\n<p><strong>Persoan\u0103 de contact<\/strong><br \/>\nMr S.Boer<\/p>\n<p>E: s.boer@hoopmanmachines.com<br \/>\nT: +31 (0)543 466 224 | M: +31 (0)6 149 646 53<br \/>\nW: <a href=\"http:\/\/www.holaras.com\" target=\"_blank\" rel=\"noopener\">www.holaras.com<\/a><br \/>\n<a href=\"mailto:.boer@hoopmanmachines.com\" target=\"_blank\" rel=\"noopener\"> E:s.boer@hoopmanmachines.com<\/a><\/p>\n<\/div><div class=\"fusion-clearfix\"><\/div><\/div><\/div><\/div><\/div><div class=\"fusion-fullwidth fullwidth-box fusion-builder-row-2 fusion-flex-container has-pattern-background has-mask-background nonhundred-percent-fullwidth non-hundred-percent-height-scrolling\" style=\"--awb-border-radius-top-left:0px;--awb-border-radius-top-right:0px;--awb-border-radius-bottom-right:0px;--awb-border-radius-bottom-left:0px;\" ><div class=\"fusion-builder-row fusion-row fusion-flex-align-items-flex-start\" style=\"max-width:1414.4px;margin-left: calc(-4% \/ 2 );margin-right: calc(-4% \/ 2 );\"><div class=\"fusion-layout-column fusion_builder_column fusion-builder-column-3 fusion_builder_column_1_1 1_1 fusion-flex-column\" style=\"--awb-bg-size:cover;--awb-width-large:100%;--awb-margin-top-large:0px;--awb-spacing-right-large:1.92%;--awb-margin-bottom-large:20px;--awb-spacing-left-large:1.92%;--awb-width-medium:100%;--awb-order-medium:0;--awb-spacing-right-medium:1.92%;--awb-spacing-left-medium:1.92%;--awb-width-small:100%;--awb-order-small:0;--awb-spacing-right-small:1.92%;--awb-spacing-left-small:1.92%;\"><div class=\"fusion-column-wrapper fusion-column-has-shadow fusion-flex-justify-content-flex-start fusion-content-layout-column\"><div class=\"fusion-text fusion-text-3\"><blockquote>\n<h2>Interna\u021bional cu o not\u0103 local\u0103!<\/h2>\n<p>Hoopman Machines produce \u0219i dezvolt\u0103 utilaje sub m\u0103rcile Holaras \u0219i Hoopman. Cu echipa noastr\u0103 de speciali\u0219ti, avem totul sub acela\u0219i acoperi\u0219. De la dezvoltare, proiectare p\u00e2n\u0103 la produc\u021bie \u0219i asamblare. \u0218i facem acest lucru de mai bine de 111 ani. Acest lucru face ca Hoopman Machines s\u0103 fie unic.    <\/p>\n<\/blockquote>\n<\/div><\/div><\/div><\/div><\/div><div class=\"fusion-fullwidth fullwidth-box fusion-builder-row-3 fusion-flex-container has-pattern-background has-mask-background nonhundred-percent-fullwidth non-hundred-percent-height-scrolling\" style=\"--awb-border-radius-top-left:0px;--awb-border-radius-top-right:0px;--awb-border-radius-bottom-right:0px;--awb-border-radius-bottom-left:0px;\" ><div class=\"fusion-builder-row fusion-row fusion-flex-align-items-flex-start\" style=\"max-width:1414.4px;margin-left: calc(-4% \/ 2 );margin-right: calc(-4% \/ 2 );\"><div class=\"fusion-layout-column fusion_builder_column fusion-builder-column-4 fusion_builder_column_1_1 1_1 fusion-flex-column\" style=\"--awb-bg-size:cover;--awb-width-large:100%;--awb-margin-top-large:0px;--awb-spacing-right-large:1.92%;--awb-margin-bottom-large:20px;--awb-spacing-left-large:1.92%;--awb-width-medium:100%;--awb-order-medium:0;--awb-spacing-right-medium:1.92%;--awb-spacing-left-medium:1.92%;--awb-width-small:100%;--awb-order-small:0;--awb-spacing-right-small:1.92%;--awb-spacing-left-small:1.92%;\"><div class=\"fusion-column-wrapper fusion-column-has-shadow fusion-flex-justify-content-flex-start fusion-content-layout-column\"><div class=\"fusion-text fusion-text-4\"><p style=\"text-align: center;\"><span style=\"color: #2e9b32;\"><em><span style=\"font-size: 32px; font-family: 'arial black', sans-serif;\">\u0218TIA\u021aI?<\/span><\/em><\/span><\/p>\n<\/div><\/div><\/div><div class=\"fusion-layout-column fusion_builder_column fusion-builder-column-5 fusion_builder_column_1_5 1_5 fusion-flex-column\" style=\"--awb-bg-size:cover;--awb-width-large:20%;--awb-margin-top-large:0px;--awb-spacing-right-large:9.6%;--awb-margin-bottom-large:20px;--awb-spacing-left-large:9.6%;--awb-width-medium:100%;--awb-order-medium:0;--awb-spacing-right-medium:1.92%;--awb-spacing-left-medium:1.92%;--awb-width-small:100%;--awb-order-small:0;--awb-spacing-right-small:1.92%;--awb-spacing-left-small:1.92%;\"><div class=\"fusion-column-wrapper fusion-column-has-shadow fusion-flex-justify-content-flex-start fusion-content-layout-column\"><div class=\"fusion-image-element \" style=\"text-align:center;--awb-caption-title-font-family:var(--h2_typography-font-family);--awb-caption-title-font-weight:var(--h2_typography-font-weight);--awb-caption-title-font-style:var(--h2_typography-font-style);--awb-caption-title-size:var(--h2_typography-font-size);--awb-caption-title-transform:var(--h2_typography-text-transform);--awb-caption-title-line-height:var(--h2_typography-line-height);--awb-caption-title-letter-spacing:var(--h2_typography-letter-spacing);\"><span class=\" fusion-imageframe imageframe-none imageframe-1 hover-type-zoomin\" style=\"border-radius:4px;\" class=\"image-magnify\" class=\"image-scroll\"><img decoding=\"async\" width=\"208\" height=\"300\" title=\"5000\" src=\"https:\/\/www.dutchromaniannetwork.nl\/wp-content\/uploads\/2024\/08\/5000-208x300.jpg\" alt class=\"img-responsive wp-image-41947\" srcset=\"https:\/\/www.dutchromaniannetwork.nl\/wp-content\/uploads\/2024\/08\/5000-200x289.jpg 200w, https:\/\/www.dutchromaniannetwork.nl\/wp-content\/uploads\/2024\/08\/5000.jpg 228w\" sizes=\"(max-width: 1024px) 100vw, (max-width: 640px) 100vw, 208px\" \/><\/span><\/div><\/div><\/div><div class=\"fusion-layout-column fusion_builder_column fusion-builder-column-6 fusion_builder_column_1_5 1_5 fusion-flex-column\" style=\"--awb-bg-size:cover;--awb-width-large:20%;--awb-margin-top-large:0px;--awb-spacing-right-large:9.6%;--awb-margin-bottom-large:20px;--awb-spacing-left-large:9.6%;--awb-width-medium:100%;--awb-order-medium:0;--awb-spacing-right-medium:1.92%;--awb-spacing-left-medium:1.92%;--awb-width-small:100%;--awb-order-small:0;--awb-spacing-right-small:1.92%;--awb-spacing-left-small:1.92%;\"><div class=\"fusion-column-wrapper fusion-column-has-shadow fusion-flex-justify-content-flex-start fusion-content-layout-column\"><div class=\"fusion-image-element \" style=\"text-align:center;--awb-caption-title-font-family:var(--h2_typography-font-family);--awb-caption-title-font-weight:var(--h2_typography-font-weight);--awb-caption-title-font-style:var(--h2_typography-font-style);--awb-caption-title-size:var(--h2_typography-font-size);--awb-caption-title-transform:var(--h2_typography-text-transform);--awb-caption-title-line-height:var(--h2_typography-line-height);--awb-caption-title-letter-spacing:var(--h2_typography-letter-spacing);\"><span class=\" fusion-imageframe imageframe-none imageframe-2 hover-type-zoomin\" style=\"border-radius:4px;\" class=\"image-magnify\" class=\"image-scroll\"><img decoding=\"async\" width=\"209\" height=\"300\" title=\"24\" src=\"https:\/\/www.dutchromaniannetwork.nl\/wp-content\/uploads\/2024\/08\/24-209x300.jpg\" alt class=\"img-responsive wp-image-41941\" srcset=\"https:\/\/www.dutchromaniannetwork.nl\/wp-content\/uploads\/2024\/08\/24-200x287.jpg 200w, https:\/\/www.dutchromaniannetwork.nl\/wp-content\/uploads\/2024\/08\/24.jpg 229w\" sizes=\"(max-width: 1024px) 100vw, (max-width: 640px) 100vw, 209px\" \/><\/span><\/div><\/div><\/div><div class=\"fusion-layout-column fusion_builder_column fusion-builder-column-7 fusion_builder_column_1_5 1_5 fusion-flex-column\" style=\"--awb-bg-size:cover;--awb-width-large:20%;--awb-margin-top-large:0px;--awb-spacing-right-large:9.6%;--awb-margin-bottom-large:20px;--awb-spacing-left-large:9.6%;--awb-width-medium:100%;--awb-order-medium:0;--awb-spacing-right-medium:1.92%;--awb-spacing-left-medium:1.92%;--awb-width-small:100%;--awb-order-small:0;--awb-spacing-right-small:1.92%;--awb-spacing-left-small:1.92%;\"><div class=\"fusion-column-wrapper fusion-column-has-shadow fusion-flex-justify-content-flex-start fusion-content-layout-column\"><div class=\"fusion-image-element \" style=\"text-align:center;--awb-caption-title-font-family:var(--h2_typography-font-family);--awb-caption-title-font-weight:var(--h2_typography-font-weight);--awb-caption-title-font-style:var(--h2_typography-font-style);--awb-caption-title-size:var(--h2_typography-font-size);--awb-caption-title-transform:var(--h2_typography-text-transform);--awb-caption-title-line-height:var(--h2_typography-line-height);--awb-caption-title-letter-spacing:var(--h2_typography-letter-spacing);\"><span class=\" fusion-imageframe imageframe-none imageframe-3 hover-type-zoomin\" style=\"border-radius:4px;\" class=\"image-magnify\" class=\"image-scroll\"><img decoding=\"async\" width=\"208\" height=\"300\" title=\"20000\" src=\"https:\/\/www.dutchromaniannetwork.nl\/wp-content\/uploads\/2024\/08\/20000-208x300.jpg\" alt class=\"img-responsive wp-image-41953\" srcset=\"https:\/\/www.dutchromaniannetwork.nl\/wp-content\/uploads\/2024\/08\/20000-200x289.jpg 200w, https:\/\/www.dutchromaniannetwork.nl\/wp-content\/uploads\/2024\/08\/20000.jpg 228w\" sizes=\"(max-width: 1024px) 100vw, (max-width: 640px) 100vw, 208px\" \/><\/span><\/div><\/div><\/div><div class=\"fusion-layout-column fusion_builder_column fusion-builder-column-8 fusion_builder_column_1_5 1_5 fusion-flex-column\" style=\"--awb-bg-size:cover;--awb-width-large:20%;--awb-margin-top-large:0px;--awb-spacing-right-large:9.6%;--awb-margin-bottom-large:20px;--awb-spacing-left-large:9.6%;--awb-width-medium:100%;--awb-order-medium:0;--awb-spacing-right-medium:1.92%;--awb-spacing-left-medium:1.92%;--awb-width-small:100%;--awb-order-small:0;--awb-spacing-right-small:1.92%;--awb-spacing-left-small:1.92%;\"><div class=\"fusion-column-wrapper fusion-column-has-shadow fusion-flex-justify-content-flex-start fusion-content-layout-column\"><div class=\"fusion-image-element \" style=\"text-align:center;--awb-caption-title-font-family:var(--h2_typography-font-family);--awb-caption-title-font-weight:var(--h2_typography-font-weight);--awb-caption-title-font-style:var(--h2_typography-font-style);--awb-caption-title-size:var(--h2_typography-font-size);--awb-caption-title-transform:var(--h2_typography-text-transform);--awb-caption-title-line-height:var(--h2_typography-line-height);--awb-caption-title-letter-spacing:var(--h2_typography-letter-spacing);\"><span class=\" fusion-imageframe imageframe-none imageframe-4 hover-type-zoomin\" style=\"border-radius:4px;\" class=\"image-magnify\" class=\"image-scroll\"><img decoding=\"async\" width=\"208\" height=\"300\" title=\"570\" src=\"https:\/\/www.dutchromaniannetwork.nl\/wp-content\/uploads\/2024\/08\/570-208x300.jpg\" alt class=\"img-responsive wp-image-41944\" srcset=\"https:\/\/www.dutchromaniannetwork.nl\/wp-content\/uploads\/2024\/08\/570-200x289.jpg 200w, https:\/\/www.dutchromaniannetwork.nl\/wp-content\/uploads\/2024\/08\/570.jpg 228w\" sizes=\"(max-width: 1024px) 100vw, (max-width: 640px) 100vw, 208px\" \/><\/span><\/div><\/div><\/div><div class=\"fusion-layout-column fusion_builder_column fusion-builder-column-9 fusion_builder_column_1_5 1_5 fusion-flex-column\" style=\"--awb-bg-size:cover;--awb-width-large:20%;--awb-margin-top-large:0px;--awb-spacing-right-large:9.6%;--awb-margin-bottom-large:20px;--awb-spacing-left-large:9.6%;--awb-width-medium:100%;--awb-order-medium:0;--awb-spacing-right-medium:1.92%;--awb-spacing-left-medium:1.92%;--awb-width-small:100%;--awb-order-small:0;--awb-spacing-right-small:1.92%;--awb-spacing-left-small:1.92%;\"><div class=\"fusion-column-wrapper fusion-column-has-shadow fusion-flex-justify-content-flex-start fusion-content-layout-column\"><div class=\"fusion-image-element \" style=\"text-align:center;--awb-caption-title-font-family:var(--h2_typography-font-family);--awb-caption-title-font-weight:var(--h2_typography-font-weight);--awb-caption-title-font-style:var(--h2_typography-font-style);--awb-caption-title-size:var(--h2_typography-font-size);--awb-caption-title-transform:var(--h2_typography-text-transform);--awb-caption-title-line-height:var(--h2_typography-line-height);--awb-caption-title-letter-spacing:var(--h2_typography-letter-spacing);\"><span class=\" fusion-imageframe imageframe-none imageframe-5 hover-type-zoomin\" style=\"border-radius:4px;\" class=\"image-magnify\" class=\"image-scroll\"><img decoding=\"async\" width=\"206\" height=\"300\" title=\"9000\" src=\"https:\/\/www.dutchromaniannetwork.nl\/wp-content\/uploads\/2024\/08\/9000-206x300.jpg\" alt class=\"img-responsive wp-image-41950\" srcset=\"https:\/\/www.dutchromaniannetwork.nl\/wp-content\/uploads\/2024\/08\/9000-200x291.jpg 200w, https:\/\/www.dutchromaniannetwork.nl\/wp-content\/uploads\/2024\/08\/9000.jpg 226w\" sizes=\"(max-width: 1024px) 100vw, (max-width: 640px) 100vw, 206px\" \/><\/span><\/div><\/div><\/div><\/div><\/div><div class=\"fusion-fullwidth fullwidth-box fusion-builder-row-4 fusion-flex-container nonhundred-percent-fullwidth non-hundred-percent-height-scrolling\" style=\"--awb-border-radius-top-left:0px;--awb-border-radius-top-right:0px;--awb-border-radius-bottom-right:0px;--awb-border-radius-bottom-left:0px;\" ><div class=\"fusion-builder-row fusion-row fusion-flex-align-items-flex-start\" style=\"max-width:1414.4px;margin-left: calc(-4% \/ 2 );margin-right: calc(-4% \/ 2 );\"><div class=\"fusion-layout-column fusion_builder_column fusion-builder-column-10 fusion_builder_column_1_1 1_1 fusion-flex-column\" style=\"--awb-bg-size:cover;--awb-width-large:100%;--awb-margin-top-large:0px;--awb-spacing-right-large:1.92%;--awb-margin-bottom-large:20px;--awb-spacing-left-large:1.92%;--awb-width-medium:100%;--awb-order-medium:0;--awb-spacing-right-medium:1.92%;--awb-spacing-left-medium:1.92%;--awb-width-small:100%;--awb-order-small:0;--awb-spacing-right-small:1.92%;--awb-spacing-left-small:1.92%;\"><div class=\"fusion-column-wrapper fusion-column-has-shadow fusion-flex-justify-content-flex-start fusion-content-layout-column\"><div class=\"fusion-separator fusion-full-width-sep\" style=\"align-self: center;margin-left: auto;margin-right: auto;margin-top:30px;margin-bottom:30px;width:100%;\"><div class=\"fusion-separator-border sep-shadow\" style=\"--awb-height:20px;--awb-amount:20px;--awb-sep-color:#848383;background:radial-gradient(ellipse at 50% -50% , #848383 0px, rgba(255, 255, 255, 0) 80%) repeat scroll 0 0 rgba(0, 0, 0, 0);background:-webkit-radial-gradient(ellipse at 50% -50% , #848383 0px, rgba(255, 255, 255, 0) 80%) repeat scroll 0 0 rgba(0, 0, 0, 0);background:-moz-radial-gradient(ellipse at 50% -50% , #848383 0px, rgba(255, 255, 255, 0) 80%) repeat scroll 0 0 rgba(0, 0, 0, 0);background:-o-radial-gradient(ellipse at 50% -50% , #848383 0px, rgba(255, 255, 255, 0) 80%) repeat scroll 0 0 rgba(0, 0, 0, 0);\"><\/div><\/div><\/div><\/div><div class=\"fusion-layout-column fusion_builder_column fusion-builder-column-11 fusion_builder_column_1_1 1_1 fusion-flex-column\" style=\"--awb-bg-size:cover;--awb-width-large:100%;--awb-margin-top-large:0px;--awb-spacing-right-large:1.92%;--awb-margin-bottom-large:20px;--awb-spacing-left-large:1.92%;--awb-width-medium:100%;--awb-order-medium:0;--awb-spacing-right-medium:1.92%;--awb-spacing-left-medium:1.92%;--awb-width-small:100%;--awb-order-small:0;--awb-spacing-right-small:1.92%;--awb-spacing-left-small:1.92%;\"><div class=\"fusion-column-wrapper fusion-column-has-shadow fusion-flex-justify-content-flex-start fusion-content-layout-column\"><div class=\"fusion-text fusion-text-5\"><p><img decoding=\"async\" class=\"aligncenter wp-image-41958 size-full\" src=\"https:\/\/www.dutchromaniannetwork.nl\/wp-content\/uploads\/2024\/08\/Wij-maken-machines-voor-div-sectoren.jpg\" alt=\"\" width=\"1272\" height=\"423\" srcset=\"https:\/\/www.dutchromaniannetwork.nl\/wp-content\/uploads\/2024\/08\/Wij-maken-machines-voor-div-sectoren-200x67.jpg 200w, https:\/\/www.dutchromaniannetwork.nl\/wp-content\/uploads\/2024\/08\/Wij-maken-machines-voor-div-sectoren-400x133.jpg 400w, https:\/\/www.dutchromaniannetwork.nl\/wp-content\/uploads\/2024\/08\/Wij-maken-machines-voor-div-sectoren-451x150.jpg 451w, https:\/\/www.dutchromaniannetwork.nl\/wp-content\/uploads\/2024\/08\/Wij-maken-machines-voor-div-sectoren-600x200.jpg 600w, https:\/\/www.dutchromaniannetwork.nl\/wp-content\/uploads\/2024\/08\/Wij-maken-machines-voor-div-sectoren-800x266.jpg 800w, https:\/\/www.dutchromaniannetwork.nl\/wp-content\/uploads\/2024\/08\/Wij-maken-machines-voor-div-sectoren-1024x341.jpg 1024w, https:\/\/www.dutchromaniannetwork.nl\/wp-content\/uploads\/2024\/08\/Wij-maken-machines-voor-div-sectoren-1200x399.jpg 1200w, https:\/\/www.dutchromaniannetwork.nl\/wp-content\/uploads\/2024\/08\/Wij-maken-machines-voor-div-sectoren.jpg 1272w\" sizes=\"(max-width: 1272px) 100vw, 1272px\" \/><\/p>\n<\/div><\/div><\/div><\/div><\/div><\/p>\n","protected":false},"excerpt":{"rendered":"","protected":false},"author":4,"featured_media":0,"parent":0,"menu_order":0,"comment_status":"closed","ping_status":"closed","template":"","meta":{"footnotes":""},"wf_page_folders":[],"class_list":["post-95084","page","type-page","status-publish","hentry"],"_links":{"self":[{"href":"https:\/\/www.dutchromaniannetwork.nl\/ro\/wp-json\/wp\/v2\/pages\/95084","targetHints":{"allow":["GET"]}}],"collection":[{"href":"https:\/\/www.dutchromaniannetwork.nl\/ro\/wp-json\/wp\/v2\/pages"}],"about":[{"href":"https:\/\/www.dutchromaniannetwork.nl\/ro\/wp-json\/wp\/v2\/types\/page"}],"author":[{"embeddable":true,"href":"https:\/\/www.dutchromaniannetwork.nl\/ro\/wp-json\/wp\/v2\/users\/4"}],"replies":[{"embeddable":true,"href":"https:\/\/www.dutchromaniannetwork.nl\/ro\/wp-json\/wp\/v2\/comments?post=95084"}],"version-history":[{"count":3,"href":"https:\/\/www.dutchromaniannetwork.nl\/ro\/wp-json\/wp\/v2\/pages\/95084\/revisions"}],"predecessor-version":[{"id":95087,"href":"https:\/\/www.dutchromaniannetwork.nl\/ro\/wp-json\/wp\/v2\/pages\/95084\/revisions\/95087"}],"wp:attachment":[{"href":"https:\/\/www.dutchromaniannetwork.nl\/ro\/wp-json\/wp\/v2\/media?parent=95084"}],"wp:term":[{"taxonomy":"wf_page_folders","embeddable":true,"href":"https:\/\/www.dutchromaniannetwork.nl\/ro\/wp-json\/wp\/v2\/wf_page_folders?post=95084"}],"curies":[{"name":"wp","href":"https:\/\/api.w.org\/{rel}","templated":true}]}}